{"id":1015,"date":"2026-01-29T08:29:55","date_gmt":"2026-01-29T08:29:55","guid":{"rendered":"https:\/\/limelightmediaooh.com\/publicidade-em-aeroportos\/"},"modified":"2026-04-10T18:43:18","modified_gmt":"2026-04-10T18:43:18","slug":"publicidade-em-aeroportos","status":"publish","type":"page","link":"https:\/\/limelightmediaooh.com\/pt-br\/publicidade-em-aeroportos\/","title":{"rendered":"Publicidade em aeroportos"},"content":{"rendered":"<h1><strong>Publicidade em aeroportos<\/strong><\/h1>\n<p><strong>Domine todos os terminais com publicidade de aeroporto que converte<\/strong><\/p>\n<p>Quando os viajantes passam por um aeroporto, eles s\u00e3o uma plateia cativa com tempo, aten\u00e7\u00e3o e poder de compra. A publicidade em aeroportos coloca sua marca diretamente na frente desses consumidores de alto valor. Os melhores an\u00fancios de aeroportos n\u00e3o s\u00f3 chamam aten\u00e7\u00e3o, eles geram resultados reais nos neg\u00f3cios. Se voc\u00ea realmente quer alcan\u00e7ar tomadores de decis\u00e3o, executivos e viajantes frequentes, <strong>a publicidade em aeroportos<\/strong> \u00e9 sua ferramenta mais poderosa. Obtenha um or\u00e7amento gratuito hoje e reivindique seu espa\u00e7o.    <\/p>\n<p>A Limelight Media OOH oferece solu\u00e7\u00f5es de publicidade aeroportu\u00e1ria de primeira linha que colocam sua marca diante de um p\u00fablico global altamente valioso, cativo e rico em aeroportos internacionais importantes. No ambiente din\u00e2mico de sal\u00f5es de check-in, \u00e1reas de seguran\u00e7a, sal\u00f5es de embarque, corredores, port\u00f5es, zonas de retirada de bagagens e terminais premium, oferecemos uma gama completa de formatos de alto impacto \u2014 incluindo telas digitais de grande formato, paredes de v\u00eddeo, displays retroiluminados, instala\u00e7\u00f5es de tecidos de tens\u00e3o, envolventes de parede, quiosques digitais, ativa\u00e7\u00f5es experienciais e posicionamentos estrat\u00e9gicos est\u00e1ticos \u2014 que capturam a aten\u00e7\u00e3o durante longos per\u00edodos de espera e momentos de antecipa\u00e7\u00e3o ou relaxamento. Fa\u00e7a parceria conosco onde sua marca se conecta com os p\u00fablicos mais m\u00f3veis e influentes do mundo, exatamente onde as viagens come\u00e7am e terminam.  <\/p>\n<p><strong>Por que a Publicidade Aeroportu\u00e1ria Supera todos os outros canais<\/strong><\/p>\n<p>Nenhum outro meio chama a aten\u00e7\u00e3o como a publicidade em aeroportos. Os passageiros passam em m\u00e9dia 90 minutos nos terminais, dando \u00e0 sua mensagem uma exposi\u00e7\u00e3o repetida. Os melhores an\u00fancios de aeroporto aproveitam esse tempo de perman\u00eancia para construir uma recall de marca que permanece muito tempo depois do pouso do voo. Diferente dos an\u00fancios digitais que passam rolando, a publicidade em aeroportos envolve completamente seu p\u00fablico. Do check-in aos port\u00f5es de embarque, os melhores an\u00fancios nos aeroportos acompanham os viajantes em cada etapa da jornada. Marcas que investem em publicidade em aeroportos relatam consistentemente taxas de recall mais altas e convers\u00f5es mais fortes. Isso n\u00e3o \u00e9 acidental, \u00e9 o poder da coloca\u00e7\u00e3o estrat\u00e9gica.      <\/p>\n<p><strong>Os melhores an\u00fancios de aeroportos s\u00e3o baseados em estrat\u00e9gia, n\u00e3o no acaso<\/strong><\/p>\n<p>O que diferencia campanhas comuns dos melhores an\u00fancios de aeroporto \u00e9 a precis\u00e3o. Nossos especialistas em publicidade aeroportu\u00e1ria estudam o fluxo de passageiros, dados demogr\u00e1ficos e comportamento dos terminais para posicionar sua marca exatamente onde ela atua. Cada coloca\u00e7\u00e3o que recomendamos \u00e9 respaldada por dados. Os melhores an\u00fancios de aeroporto combinam criatividade envolvente com locais imperd\u00edveis, e essa combina\u00e7\u00e3o \u00e9 o que entregamos. Nossa rede de publicidade aeroportu\u00e1ria abrange terminais premium, dando acesso a p\u00fablicos que outros canais simplesmente n\u00e3o conseguem alcan\u00e7ar. Ao escolher a publicidade aeroportu\u00e1ria conosco, voc\u00ea est\u00e1 escolhendo um sistema comprovado projetado para converter aten\u00e7\u00e3o em receita.     <\/p>\n<p><strong>Sua concorr\u00eancia j\u00e1 est\u00e1 usando publicidade de aeroporto<\/strong><\/p>\n<p>Atualmente, os concorrentes est\u00e3o exibindo os melhores an\u00fancios de aeroportos nos terminais que seus clientes passam diariamente. A publicidade em aeroportos n\u00e3o \u00e9 uma considera\u00e7\u00e3o futura, \u00e9 uma urg\u00eancia atual. As marcas vencedoras em seus mercados entendem que os melhores an\u00fancios em aeroportos criam uma impress\u00e3o de escala e credibilidade que nenhuma campanha nas redes sociais pode replicar. A publicidade aeroportu\u00e1ria sinaliza lideran\u00e7a no mercado. Isso mostra ao seu p\u00fablico que voc\u00ea \u00e9 s\u00e9rio, estabelecido e merece a confian\u00e7a deles. Os melhores an\u00fancios de aeroporto fazem com que os potenciais clientes venham at\u00e9 voc\u00ea, n\u00e3o o contr\u00e1rio.     <\/p>\n<p><strong>D\u00ea o Primeiro Passo: Obtenha um Or\u00e7amento Gratuito Agora<\/strong><\/p>\n<p>Pare de deixar espa\u00e7o premium de publicidade aeroportu\u00e1ria para seus concorrentes. Nossa equipe est\u00e1 pronta para montar uma campanha com os melhores an\u00fancios de aeroportos, adaptados especificamente aos seus objetivos, or\u00e7amento e p\u00fablico-alvo. A publicidade em aeroportos funciona, e podemos provar isso  <\/p>\n<p><a href=\"https:\/\/limelightmediaooh.com\/pt-br\/contato\/\">Obtenha um or\u00e7amento gratuito hoje<\/a> mesmo e vamos construir juntos sua campanha vencedora de publicidade em aeroportos.<\/p>\n        <style type=\"text\/css\">\n        \t.thfaqf-faq-list-title { display: none; }        \t.thfaqf-tab h3.thfaqf-tablinks-2113.active {\n\t\t\t    background-color: #f5f5f5!important;\n\t\t\t    color: #cc2753!important;\n\t\t\t}\n\t\t\t.thfaqf-tab h3.thfaqf-tablinks-2113:hover {\n\t\t\t  \tbackground-color: #f5f5f5!important;\n\t\t\t}\n\t\t    .thfaqf-faq-item-2113.thfaqf-active .thfaqf-title-text{\n\t\t\t\tcolor: #cc2753!important;\n\t\t\t}\n          \n        <\/style>\n       \t\t<div class=\"thfaqf-faq-list thfaqf-theme-wrapper-limelight\">\n            <h3 class=\"thfaqf-faq-list-title\">Airport Advertising FAQ<\/h3><div class=\"faq-item-wrapper\">\t\t<div id=\"thfaqf-faq-item-2113_0\" class=\"thfaqf-faq-item  thfaqf-faq-item-2113    thfaqf-post-id-2113 thfaqf-count-dsply-setngs\" style=\"border-radius: 6px;\" >\n\t\t\t<div data-active_color=\"#cc2753\" class=\"thfaqf-faq-item-title\" style=\"border-width: 1px; border-style: solid; margin-bottom: -1px; background-color: #f5f5f5; border-color: #f5f5f5;\">\n \t\t\t\t<h4>\n \t\t\t\t\t \t\t\t\t<span class=\"thfaq-marker thfaqf-toggle-icon\" style=\" color: #b2b2b2;\"><\/span>\n \t\t\t\t\t<span class=\"thfaqf-title-text \" style=\" color: #000000;\" >1. What does airport advertising with Limelight Media OOH involve?<\/span>\n \t\t\t\t<\/h4>\t\n\t\t\t<\/div>\n\t\t\t<div class=\"thfaqf-faq-item-content\" style=\"border-width: 1px; border-style: solid; background-color: #fcfcfc; border-color: #fcfcfc; color: #000000;\" >\n\t\t\t\t<p>Limelight Media OOH delivers airport advertising solutions across key international airports, placing brands in check-in halls, departure lounges, baggage claim zones, concourses, and premium terminals where travelers spend extended dwell time. Our airport advertising formats include large-format digital screens, video walls, backlit displays, wall wraps, digital kiosks, and experiential activations, ensuring maximum brand impact throughout every stage of the passenger journey. It is one of the most powerful ways to reach a captive, affluent, and globally mobile audience all in a single environment.<\/p>\n\t\t\t\t<div class=\"thfaq-enable-comment-box thfaqf-hide\"> <p>\t\t<div class=\"thfaqf-comment-wrapper\">\n\t\t\t<form form method=\"post\" class=\"thfaqf-post-comment\">\n\t\t\t\t<p><input class=\"thfaqf-comment-box thfaqf-uname\" type=\"text\" placeholder=\"Name...\"name=\"user_name\"\/><\/p>\n\t\t\t\t<p class=\"threq-name\"><\/p>\n\t\t\t\t<input type=\"hidden\" name=\"action\" value=\"thfaqf_comment\">\n\t\t\t\t<input type=\"hidden\" name=\"faq_id\" value=\"2113\">\n\t\t\t\t<input type=\"hidden\" name=\"faq_index\" value=\"0\">\n\t\t\t\t<input type=\"hidden\" name=\"form_time\">\n\t\t\t\t<input type=\"text\" name=\"website\" style=\"display:none\">\n\t\t\t\t\t\t\t\t<input type=\"hidden\" name=\"form_token\" value=\"507fa1be-6bee-43d9-ba24-dfef8d3a7595\">\n\t\t\t\t<p><textarea placeholder=\"Add a Comment...\"name=\"user_msg\" class=\"thfaqf-comment-box thfaqf-ucomment\"><\/textarea><\/p>\n\t\t\t\t<p class=\"threq-comment\"><\/p>\n\t\t\t\t<input type=\"hidden\" name=\"wp_thfaqc_nonce\" value=\"3201d758ba\"\/>\n\t\t    \t<p><button type=\"submit\" name=\"thfaqf_comment_submt\" class=\"thfaqf-submt-cmmt button primary is-xsmall\" onclick=\"submitFaqfComment(this)\">Send<\/button><\/p><p class=\"thfaqf-comment-validetion\"><\/p>\n\t\t    <\/form>\t\n\n\t\t    \t\t<\/div>\n\t\t <\/p><\/div>\n\t\t\t<\/div>\n\t\t\t<div class=\"log\"><\/div>\n\t\t<\/div>\n \t\t\t\t<div id=\"thfaqf-faq-item-2113_1\" class=\"thfaqf-faq-item  thfaqf-faq-item-2113    thfaqf-post-id-2113 thfaqf-count-dsply-setngs\" style=\"border-radius: 6px;\" >\n\t\t\t<div data-active_color=\"#cc2753\" class=\"thfaqf-faq-item-title\" style=\"border-width: 1px; border-style: solid; margin-bottom: -1px; background-color: #f5f5f5; border-color: #f5f5f5;\">\n \t\t\t\t<h4>\n \t\t\t\t\t \t\t\t\t<span class=\"thfaq-marker thfaqf-toggle-icon\" style=\" color: #b2b2b2;\"><\/span>\n \t\t\t\t\t<span class=\"thfaqf-title-text \" style=\" color: #000000;\" >2. What types of airport ads does Limelight Media OOH offer?<\/span>\n \t\t\t\t<\/h4>\t\n\t\t\t<\/div>\n\t\t\t<div class=\"thfaqf-faq-item-content\" style=\"border-width: 1px; border-style: solid; background-color: #fcfcfc; border-color: #fcfcfc; color: #000000;\" >\n\t\t\t\t<p>Limelight Media OOH offers a comprehensive range of airport ads spanning both digital and static formats, from tension fabric installations and backlit displays to high-definition video walls and strategic static placements. Our airport ads are designed to capture attention during moments of anticipation and relaxation, when travelers are highly receptive to brand messaging. Whether your goal is broad awareness or targeted engagement with premium audiences, the team will tailor the right mix of formats to deliver results.<\/p>\n\t\t\t\t<div class=\"thfaq-enable-comment-box thfaqf-hide\"> <p>\t\t<div class=\"thfaqf-comment-wrapper\">\n\t\t\t<form form method=\"post\" class=\"thfaqf-post-comment\">\n\t\t\t\t<p><input class=\"thfaqf-comment-box thfaqf-uname\" type=\"text\" placeholder=\"Name...\"name=\"user_name\"\/><\/p>\n\t\t\t\t<p class=\"threq-name\"><\/p>\n\t\t\t\t<input type=\"hidden\" name=\"action\" value=\"thfaqf_comment\">\n\t\t\t\t<input type=\"hidden\" name=\"faq_id\" value=\"2113\">\n\t\t\t\t<input type=\"hidden\" name=\"faq_index\" value=\"1\">\n\t\t\t\t<input type=\"hidden\" name=\"form_time\">\n\t\t\t\t<input type=\"text\" name=\"website\" style=\"display:none\">\n\t\t\t\t\t\t\t\t<input type=\"hidden\" name=\"form_token\" value=\"32372a5d-4426-4132-97de-92f88d1e01cf\">\n\t\t\t\t<p><textarea placeholder=\"Add a Comment...\"name=\"user_msg\" class=\"thfaqf-comment-box thfaqf-ucomment\"><\/textarea><\/p>\n\t\t\t\t<p class=\"threq-comment\"><\/p>\n\t\t\t\t<input type=\"hidden\" name=\"wp_thfaqc_nonce\" value=\"3201d758ba\"\/>\n\t\t    \t<p><button type=\"submit\" name=\"thfaqf_comment_submt\" class=\"thfaqf-submt-cmmt button primary is-xsmall\" onclick=\"submitFaqfComment(this)\">Send<\/button><\/p><p class=\"thfaqf-comment-validetion\"><\/p>\n\t\t    <\/form>\t\n\n\t\t    \t\t<\/div>\n\t\t <\/p><\/div>\n\t\t\t<\/div>\n\t\t\t<div class=\"log\"><\/div>\n\t\t<\/div>\n \t\t\t\t<div id=\"thfaqf-faq-item-2113_2\" class=\"thfaqf-faq-item  thfaqf-faq-item-2113    thfaqf-post-id-2113 thfaqf-count-dsply-setngs\" style=\"border-radius: 6px;\" >\n\t\t\t<div data-active_color=\"#cc2753\" class=\"thfaqf-faq-item-title\" style=\"border-width: 1px; border-style: solid; margin-bottom: -1px; background-color: #f5f5f5; border-color: #f5f5f5;\">\n \t\t\t\t<h4>\n \t\t\t\t\t \t\t\t\t<span class=\"thfaq-marker thfaqf-toggle-icon\" style=\" color: #b2b2b2;\"><\/span>\n \t\t\t\t\t<span class=\"thfaqf-title-text \" style=\" color: #000000;\" >3. Why choose Limelight Media OOH among airport advertising companies?<\/span>\n \t\t\t\t<\/h4>\t\n\t\t\t<\/div>\n\t\t\t<div class=\"thfaqf-faq-item-content\" style=\"border-width: 1px; border-style: solid; background-color: #fcfcfc; border-color: #fcfcfc; color: #000000;\" >\n\t\t\t\t<p>Among airport advertising companies operating globally, Limelight Media OOH stands out as an internationally recognized leader with extensive coverage across key markets in Africa, Asia, the Middle East, Europe, and beyond. Our roster of clients includes major global brands such as Airtel, Emirates, HP, Fanta, and Ford, demonstrating the trust that top-tier advertisers place in their expertise and network. To discuss available airport locations and campaign options, get in touch directly at <a href=\"mailto:info@limelightmediaooh.com\">info@limelightmediaooh.com<\/a>.<\/p>\n\t\t\t\t<div class=\"thfaq-enable-comment-box thfaqf-hide\"> <p>\t\t<div class=\"thfaqf-comment-wrapper\">\n\t\t\t<form form method=\"post\" class=\"thfaqf-post-comment\">\n\t\t\t\t<p><input class=\"thfaqf-comment-box thfaqf-uname\" type=\"text\" placeholder=\"Name...\"name=\"user_name\"\/><\/p>\n\t\t\t\t<p class=\"threq-name\"><\/p>\n\t\t\t\t<input type=\"hidden\" name=\"action\" value=\"thfaqf_comment\">\n\t\t\t\t<input type=\"hidden\" name=\"faq_id\" value=\"2113\">\n\t\t\t\t<input type=\"hidden\" name=\"faq_index\" value=\"2\">\n\t\t\t\t<input type=\"hidden\" name=\"form_time\">\n\t\t\t\t<input type=\"text\" name=\"website\" style=\"display:none\">\n\t\t\t\t\t\t\t\t<input type=\"hidden\" name=\"form_token\" value=\"e408860d-ea7c-4424-afde-42132b6eefd4\">\n\t\t\t\t<p><textarea placeholder=\"Add a Comment...\"name=\"user_msg\" class=\"thfaqf-comment-box thfaqf-ucomment\"><\/textarea><\/p>\n\t\t\t\t<p class=\"threq-comment\"><\/p>\n\t\t\t\t<input type=\"hidden\" name=\"wp_thfaqc_nonce\" value=\"3201d758ba\"\/>\n\t\t    \t<p><button type=\"submit\" name=\"thfaqf_comment_submt\" class=\"thfaqf-submt-cmmt button primary is-xsmall\" onclick=\"submitFaqfComment(this)\">Send<\/button><\/p><p class=\"thfaqf-comment-validetion\"><\/p>\n\t\t    <\/form>\t\n\n\t\t    \t\t<\/div>\n\t\t <\/p><\/div>\n\t\t\t<\/div>\n\t\t\t<div class=\"log\"><\/div>\n\t\t<\/div>\n \t\t<\/div>\t        <p class=\"thfaqf-display-faq-setngs hide-faqf-group\">\n\t\t\t\t<span class=\"thfaqf-pagination\">\n\t\t\t\t\t<span onclick=\"ThfaqPagination(this,'prev_page')\" ><a class=\"thfaqf-prev-page thfaqf-div-none\"  href=\"#\"><<<\/a><\/span>\t\n\t\t\t\t\t\t\t\t            <span class=\"thfaqf-page-no \" data-number=\"1\">\n\t\t\t           \t<a class=\"thfaqf-pnumber thfaq-ft current\"href=\"#\" onclick=\"ThfaqEachPage(this)\" >1<\/a>\n\t\t\t            <\/span>\n\t\t\t             \n\t\t        \t<span onclick=\"ThfaqPagination(this,'next_page')\" data-page_count=\"1\"><a class=\"thfaqf-next-page thfaqf-div-none\" href=\"#\">>><\/a><\/span>\t\n\t\t\t\t<\/span>\n\t\t\t\t<input type=\"hidden\" class=\"thfaqf-count-faq-number\"name=\"count_faq\" value=\"3\"\/>\n\t\t\t<\/p><br>\n            \t    <\/div>\n\t    \n","protected":false},"excerpt":{"rendered":"<p>Publicidade em aeroportos Domine todos os terminais com publicidade de aeroporto que converte Quando os viajantes passam por um aeroporto, eles s\u00e3o uma plateia cativa com tempo, aten\u00e7\u00e3o e poder de compra. A publicidade em aeroportos coloca sua marca diretamente na frente desses consumidores de alto valor. Os melhores an\u00fancios de aeroportos n\u00e3o s\u00f3 chamam [&hellip;]<\/p>\n","protected":false},"author":1,"featured_media":1491,"parent":0,"menu_order":0,"comment_status":"closed","ping_status":"closed","template":"","meta":[],"_links":{"self":[{"href":"https:\/\/limelightmediaooh.com\/pt-br\/wp-json\/wp\/v2\/pages\/1015"}],"collection":[{"href":"https:\/\/limelightmediaooh.com\/pt-br\/wp-json\/wp\/v2\/pages"}],"about":[{"href":"https:\/\/limelightmediaooh.com\/pt-br\/wp-json\/wp\/v2\/types\/page"}],"author":[{"embeddable":true,"href":"https:\/\/limelightmediaooh.com\/pt-br\/wp-json\/wp\/v2\/users\/1"}],"replies":[{"embeddable":true,"href":"https:\/\/limelightmediaooh.com\/pt-br\/wp-json\/wp\/v2\/comments?post=1015"}],"version-history":[{"count":3,"href":"https:\/\/limelightmediaooh.com\/pt-br\/wp-json\/wp\/v2\/pages\/1015\/revisions"}],"predecessor-version":[{"id":2429,"href":"https:\/\/limelightmediaooh.com\/pt-br\/wp-json\/wp\/v2\/pages\/1015\/revisions\/2429"}],"wp:featuredmedia":[{"embeddable":true,"href":"https:\/\/limelightmediaooh.com\/pt-br\/wp-json\/wp\/v2\/media\/1491"}],"wp:attachment":[{"href":"https:\/\/limelightmediaooh.com\/pt-br\/wp-json\/wp\/v2\/media?parent=1015"}],"curies":[{"name":"wp","href":"https:\/\/api.w.org\/{rel}","templated":true}]}}