{"id":723,"date":"2025-12-03T06:20:48","date_gmt":"2025-12-03T06:20:48","guid":{"rendered":"https:\/\/limelightmediaooh.com\/image-de-marque-dans-le-centre-commercial\/"},"modified":"2026-04-10T18:41:16","modified_gmt":"2026-04-10T18:41:16","slug":"image-de-marque-dans-le-centre-commercial","status":"publish","type":"page","link":"https:\/\/limelightmediaooh.com\/fr\/image-de-marque-dans-le-centre-commercial\/","title":{"rendered":"Image de marque dans le centre commercial"},"content":{"rendered":"<div class=\"freshgallery-container\" data-columns=\"4\"><div class=\"freshgallery-item\"><img src=\"https:\/\/limelightmediaooh.com\/wp-content\/uploads\/2025\/12\/mall-branding-2-300x225.jpg\" alt=\"\" data-full=\"https:\/\/limelightmediaooh.com\/wp-content\/uploads\/2025\/12\/mall-branding-2.jpg\" \/><div class=\"freshgallery-caption\">Mall branding<\/div><div class=\"freshgallery-link\"><a href=\"#\" target=\"_blank\" rel=\"noopener\">Voir le lien<\/a><\/div><\/div><div class=\"freshgallery-item\"><img src=\"https:\/\/limelightmediaooh.com\/wp-content\/uploads\/2025\/12\/mall-branding-3-300x225.jpg\" alt=\"\" data-full=\"https:\/\/limelightmediaooh.com\/wp-content\/uploads\/2025\/12\/mall-branding-3.jpg\" \/><div class=\"freshgallery-caption\">Mall branding<\/div><div class=\"freshgallery-link\"><a href=\"#\" target=\"_blank\" rel=\"noopener\">Voir le lien<\/a><\/div><\/div><div class=\"freshgallery-item\"><img src=\"https:\/\/limelightmediaooh.com\/wp-content\/uploads\/2025\/12\/mall-branding-5-300x225.jpg\" alt=\"\" data-full=\"https:\/\/limelightmediaooh.com\/wp-content\/uploads\/2025\/12\/mall-branding-5.jpg\" \/><div class=\"freshgallery-link\"><a href=\"#\" target=\"_blank\" rel=\"noopener\">Voir le lien<\/a><\/div><\/div><div class=\"freshgallery-item\"><img src=\"https:\/\/limelightmediaooh.com\/wp-content\/uploads\/2025\/12\/mall-branding-1-300x225.jpg\" alt=\"\" data-full=\"https:\/\/limelightmediaooh.com\/wp-content\/uploads\/2025\/12\/mall-branding-1.jpg\" \/><div class=\"freshgallery-caption\">Mall branding<\/div><div class=\"freshgallery-link\"><a href=\"#\" target=\"_blank\" rel=\"noopener\">Voir le lien<\/a><\/div><\/div><div class=\"freshgallery-item\"><img src=\"https:\/\/limelightmediaooh.com\/wp-content\/uploads\/2025\/12\/mall-branding-4-300x225.jpg\" alt=\"Mall Branding | Mall Advertising | Shopping Mall Advertising\" data-full=\"https:\/\/limelightmediaooh.com\/wp-content\/uploads\/2025\/12\/mall-branding-4.jpg\" \/><div class=\"freshgallery-caption\">Mall branding.<\/div><div class=\"freshgallery-link\"><a href=\"#\" target=\"_blank\" rel=\"noopener\">Voir le lien<\/a><\/div><\/div><\/div>\n<p>&nbsp;<\/p>\n<h1><strong>Image de marque dans le centre commercial<\/strong><\/h1>\n<p><strong>Votre marque appartient d\u00e9j\u00e0 \u00e0 l\u2019endroit o\u00f9 des milliers d\u2019acheteurs se trouvent<\/strong><\/p>\n<p>La publicit\u00e9 dans les centres commerciaux est l\u2019un des investissements les plus judicieux qu\u2019une entreprise en croissance puisse faire. Lorsque vous investissez dans la publicit\u00e9 pour les centres commerciaux, vous placez votre marque directement devant des consommateurs engag\u00e9s et pr\u00eats \u00e0 d\u00e9penser. Nos solutions <strong>de branding pour centres commerciaux<\/strong> sont con\u00e7ues pour capter l\u2019attention au moment id\u00e9al. Chaque campagne de branding dans nos centres commerciaux est con\u00e7ue pour transformer le trafic pi\u00e9ton en clients r\u00e9els qui choisissent votre entreprise plut\u00f4t que tous les concurrents \u00e0 proximit\u00e9.   <\/p>\n<p><strong>Pourquoi la publicit\u00e9 dans les centres commerciaux surpasse tous les autres canaux int\u00e9rieurs<\/strong><\/p>\n<p>La force de la publicit\u00e9 dans les centres commerciaux r\u00e9side dans son public captif. Les acheteurs \u00e0 l\u2019int\u00e9rieur d\u2019un centre commercial sont d\u00e9j\u00e0 dans un \u00e9tat d\u2019esprit d\u2019achat, ce qui rend la publicit\u00e9 particuli\u00e8rement efficace. Nos strat\u00e9gies de branding dans les centres commerciaux garantissent que votre message atteint les consommateurs lorsque leur portefeuille est ouvert et que leur attention est concentr\u00e9e. Une forte pr\u00e9sence dans un centre commercial de marque instaure une reconnaissance et une confiance instantan\u00e9es, transformant les visiteurs occasionnels en clients fid\u00e8les et payants pour votre entreprise.   <\/p>\n<p><strong>Un branding strat\u00e9gique dans un centre commercial qui rend votre entreprise impossible \u00e0 ignorer<\/strong><\/p>\n<p>Toute publicit\u00e9 dans les centres commerciaux n\u2019est pas identique. Nos sp\u00e9cialistes de la publicit\u00e9 dans les centres commerciaux identifient les zones les plus fr\u00e9quent\u00e9es de chaque centre afin de positionner votre campagne de branding l\u00e0 o\u00f9 elle a un impact maximal. Des \u00e9crans num\u00e9riques aux \u00e9crans grand format, nos solutions de branding pour centres commerciaux dominent les espaces vers lesquels les acheteurs gravitent naturellement. Chaque emplacement de centre commercial est s\u00e9lectionn\u00e9 avec pr\u00e9cision afin de garantir que votre marque soit vue par les bonnes personnes au moment exact.   <\/p>\n<p><strong>Solutions publicitaires pour centres commerciaux con\u00e7ues pour toutes les entreprises et tous les budgets<\/strong><\/p>\n<p>Que vous lanciez un nouveau produit ou que vous renforciez une marque \u00e9tablie, nos forfaits publicitaires pour centres commerciaux sont suffisamment flexibles pour atteindre vos objectifs. Notre \u00e9quipe de branding du centre commercial cr\u00e9e des visuels et des messages percutants qui stoppent les acheteurs net. Chaque campagne de branding dans nos centres commerciaux est suivie et optimis\u00e9e pour garantir que vos d\u00e9penses publicitaires dans un centre commercial g\u00e9n\u00e8rent des retours mesurables et constants qui font cro\u00eetre votre entreprise mois apr\u00e8s mois.  <\/p>\n<p><strong>Les r\u00e9sultats sont clairs : la publicit\u00e9 dans les centres commerciaux fonctionne<\/strong><\/p>\n<p>Les entreprises qui s\u2019engagent dans la publicit\u00e9 dans les centres commerciaux surpassent constamment leurs concurrents qui d\u00e9pendent uniquement des canaux num\u00e9riques. La publicit\u00e9 dans les centres commerciaux cr\u00e9e une pr\u00e9sence physique de marque que les publicit\u00e9s en ligne ne pourront jamais reproduire. Nos experts en branding de centres commerciaux ont aid\u00e9 des centaines d\u2019entreprises \u00e0 construire des identit\u00e9s de branding puissantes que les clients retiennent bien apr\u00e8s leur d\u00e9part. Lorsque la publicit\u00e9 de votre centre commercial est bien r\u00e9alis\u00e9e, cela cr\u00e9e des impressions durables de marque qui favorisent des visites r\u00e9p\u00e9t\u00e9es et une croissance soutenue des revenus.   <\/p>\n<p><strong>Vos concurrents utilisent d\u00e9j\u00e0 la publicit\u00e9 dans les centres commerciaux : ne prenez pas de retard<\/strong><\/p>\n<p>Chaque jour sans strat\u00e9gie publicitaire dans un centre commercial est une occasion manqu\u00e9e de ma\u00eetriser votre march\u00e9. Nos solutions de branding pour centres commerciaux et de branding sont pr\u00eates \u00e0 propulser votre entreprise au niveau sup\u00e9rieur. <\/p>\n<p><a href=\"https:\/\/limelightmediaooh.com\/fr\/contact\/\">Obtenez un devis gratuit d\u00e8s<\/a> maintenant et laissez nos experts en publicit\u00e9 dans les centres commerciaux construire une campagne de branding qui apporte des r\u00e9sultats r\u00e9els et mesurables pour votre entreprise d\u00e8s aujourd\u2019hui.<\/p>\n        <style type=\"text\/css\">\n        \t.thfaqf-faq-list-title { display: none; }        \t.thfaqf-tab h3.thfaqf-tablinks-2160.active {\n\t\t\t    background-color: #f5f5f5!important;\n\t\t\t    color: #cc2753!important;\n\t\t\t}\n\t\t\t.thfaqf-tab h3.thfaqf-tablinks-2160:hover {\n\t\t\t  \tbackground-color: #f5f5f5!important;\n\t\t\t}\n\t\t    .thfaqf-faq-item-2160.thfaqf-active .thfaqf-title-text{\n\t\t\t\tcolor: #cc2753!important;\n\t\t\t}\n          \n        <\/style>\n       \t\t<div class=\"thfaqf-faq-list thfaqf-theme-wrapper-limelight\">\n            <h3 class=\"thfaqf-faq-list-title\">Mall Branding FAQ<\/h3><div class=\"faq-item-wrapper\">\t\t<div id=\"thfaqf-faq-item-2160_0\" class=\"thfaqf-faq-item  thfaqf-faq-item-2160    thfaqf-post-id-2160 thfaqf-count-dsply-setngs\" style=\"border-radius: 6px;\" >\n\t\t\t<div data-active_color=\"#cc2753\" class=\"thfaqf-faq-item-title\" style=\"border-width: 1px; border-style: solid; margin-bottom: -1px; background-color: #f5f5f5; border-color: #f5f5f5;\">\n \t\t\t\t<h4>\n \t\t\t\t\t \t\t\t\t<span class=\"thfaq-marker thfaqf-toggle-icon\" style=\" color: #b2b2b2;\"><\/span>\n \t\t\t\t\t<span class=\"thfaqf-title-text \" style=\" color: #000000;\" >1. What does mall advertising involve with Limelight Media OOH?<\/span>\n \t\t\t\t<\/h4>\t\n\t\t\t<\/div>\n\t\t\t<div class=\"thfaqf-faq-item-content\" style=\"border-width: 1px; border-style: solid; background-color: #fcfcfc; border-color: #fcfcfc; color: #000000;\" >\n\t\t\t\t<p>Mall advertising with Limelight Media OOH places your brand directly in front of active shoppers across high-footfall retail environments in key global markets. The mall advertising solutions are designed to capture consumer attention at the point of purchase, making it one of the most effective formats for driving brand awareness and sales. To get started, simply reach out via info@limelightmediaooh.com to request a tailored quote.<\/p>\n\t\t\t\t<div class=\"thfaq-enable-comment-box thfaqf-hide\"> <p>\t\t<div class=\"thfaqf-comment-wrapper\">\n\t\t\t<form form method=\"post\" class=\"thfaqf-post-comment\">\n\t\t\t\t<p><input class=\"thfaqf-comment-box thfaqf-uname\" type=\"text\" placeholder=\"Name...\"name=\"user_name\"\/><\/p>\n\t\t\t\t<p class=\"threq-name\"><\/p>\n\t\t\t\t<input type=\"hidden\" name=\"action\" value=\"thfaqf_comment\">\n\t\t\t\t<input type=\"hidden\" name=\"faq_id\" value=\"2160\">\n\t\t\t\t<input type=\"hidden\" name=\"faq_index\" value=\"0\">\n\t\t\t\t<input type=\"hidden\" name=\"form_time\">\n\t\t\t\t<input type=\"text\" name=\"website\" style=\"display:none\">\n\t\t\t\t\t\t\t\t<input type=\"hidden\" name=\"form_token\" value=\"ae1e682f-9eb7-44d3-a442-f95fe58607d8\">\n\t\t\t\t<p><textarea placeholder=\"Add a Comment...\"name=\"user_msg\" class=\"thfaqf-comment-box thfaqf-ucomment\"><\/textarea><\/p>\n\t\t\t\t<p class=\"threq-comment\"><\/p>\n\t\t\t\t<input type=\"hidden\" name=\"wp_thfaqc_nonce\" value=\"5a71be11d8\"\/>\n\t\t    \t<p><button type=\"submit\" name=\"thfaqf_comment_submt\" class=\"thfaqf-submt-cmmt button primary is-xsmall\" onclick=\"submitFaqfComment(this)\">Send<\/button><\/p><p class=\"thfaqf-comment-validetion\"><\/p>\n\t\t    <\/form>\t\n\n\t\t    \t\t<\/div>\n\t\t <\/p><\/div>\n\t\t\t<\/div>\n\t\t\t<div class=\"log\"><\/div>\n\t\t<\/div>\n \t\t\t\t<div id=\"thfaqf-faq-item-2160_1\" class=\"thfaqf-faq-item  thfaqf-faq-item-2160    thfaqf-post-id-2160 thfaqf-count-dsply-setngs\" style=\"border-radius: 6px;\" >\n\t\t\t<div data-active_color=\"#cc2753\" class=\"thfaqf-faq-item-title\" style=\"border-width: 1px; border-style: solid; margin-bottom: -1px; background-color: #f5f5f5; border-color: #f5f5f5;\">\n \t\t\t\t<h4>\n \t\t\t\t\t \t\t\t\t<span class=\"thfaq-marker thfaqf-toggle-icon\" style=\" color: #b2b2b2;\"><\/span>\n \t\t\t\t\t<span class=\"thfaqf-title-text \" style=\" color: #000000;\" >2. What types of placements are available through Limelight Media OOH&#039;s mall branding services?<\/span>\n \t\t\t\t<\/h4>\t\n\t\t\t<\/div>\n\t\t\t<div class=\"thfaqf-faq-item-content\" style=\"border-width: 1px; border-style: solid; background-color: #fcfcfc; border-color: #fcfcfc; color: #000000;\" >\n\t\t\t\t<p>Limelight Media OOH offers a range of mall branding options, including interior displays, entrance branding, digital screens, and large-format print installations strategically positioned throughout shopping centers. The mall branding solutions are available across multiple regions, including Africa, the Middle East, Asia, Europe, and the Americas, giving brands broad international reach. Each campaign is customized to align with the brand's objectives and the specific layout and audience of each mall location.<\/p>\n\t\t\t\t<div class=\"thfaq-enable-comment-box thfaqf-hide\"> <p>\t\t<div class=\"thfaqf-comment-wrapper\">\n\t\t\t<form form method=\"post\" class=\"thfaqf-post-comment\">\n\t\t\t\t<p><input class=\"thfaqf-comment-box thfaqf-uname\" type=\"text\" placeholder=\"Name...\"name=\"user_name\"\/><\/p>\n\t\t\t\t<p class=\"threq-name\"><\/p>\n\t\t\t\t<input type=\"hidden\" name=\"action\" value=\"thfaqf_comment\">\n\t\t\t\t<input type=\"hidden\" name=\"faq_id\" value=\"2160\">\n\t\t\t\t<input type=\"hidden\" name=\"faq_index\" value=\"1\">\n\t\t\t\t<input type=\"hidden\" name=\"form_time\">\n\t\t\t\t<input type=\"text\" name=\"website\" style=\"display:none\">\n\t\t\t\t\t\t\t\t<input type=\"hidden\" name=\"form_token\" value=\"0ca6a2c4-f83a-43e2-850d-bce1fee1ab1f\">\n\t\t\t\t<p><textarea placeholder=\"Add a Comment...\"name=\"user_msg\" class=\"thfaqf-comment-box thfaqf-ucomment\"><\/textarea><\/p>\n\t\t\t\t<p class=\"threq-comment\"><\/p>\n\t\t\t\t<input type=\"hidden\" name=\"wp_thfaqc_nonce\" value=\"5a71be11d8\"\/>\n\t\t    \t<p><button type=\"submit\" name=\"thfaqf_comment_submt\" class=\"thfaqf-submt-cmmt button primary is-xsmall\" onclick=\"submitFaqfComment(this)\">Send<\/button><\/p><p class=\"thfaqf-comment-validetion\"><\/p>\n\t\t    <\/form>\t\n\n\t\t    \t\t<\/div>\n\t\t <\/p><\/div>\n\t\t\t<\/div>\n\t\t\t<div class=\"log\"><\/div>\n\t\t<\/div>\n \t\t\t\t<div id=\"thfaqf-faq-item-2160_2\" class=\"thfaqf-faq-item  thfaqf-faq-item-2160    thfaqf-post-id-2160 thfaqf-count-dsply-setngs\" style=\"border-radius: 6px;\" >\n\t\t\t<div data-active_color=\"#cc2753\" class=\"thfaqf-faq-item-title\" style=\"border-width: 1px; border-style: solid; margin-bottom: -1px; background-color: #f5f5f5; border-color: #f5f5f5;\">\n \t\t\t\t<h4>\n \t\t\t\t\t \t\t\t\t<span class=\"thfaq-marker thfaqf-toggle-icon\" style=\" color: #b2b2b2;\"><\/span>\n \t\t\t\t\t<span class=\"thfaqf-title-text \" style=\" color: #000000;\" >3. Why is shopping mall advertising an effective strategy for brands?<\/span>\n \t\t\t\t<\/h4>\t\n\t\t\t<\/div>\n\t\t\t<div class=\"thfaqf-faq-item-content\" style=\"border-width: 1px; border-style: solid; background-color: #fcfcfc; border-color: #fcfcfc; color: #000000;\" >\n\t\t\t\t<p>Shopping mall advertising connects brands with consumers who are already in an active buying mindset, making it one of the highest-converting formats in out-of-home marketing. Limelight Media OOH, as an internationally recognized OOH leader, helps businesses leverage shopping mall advertising to build visibility, drive foot traffic, and influence purchase decisions at scale. With coverage across dozens of countries, our team ensures your brand is positioned in the most impactful mall locations available.<\/p>\n\t\t\t\t<div class=\"thfaq-enable-comment-box thfaqf-hide\"> <p>\t\t<div class=\"thfaqf-comment-wrapper\">\n\t\t\t<form form method=\"post\" class=\"thfaqf-post-comment\">\n\t\t\t\t<p><input class=\"thfaqf-comment-box thfaqf-uname\" type=\"text\" placeholder=\"Name...\"name=\"user_name\"\/><\/p>\n\t\t\t\t<p class=\"threq-name\"><\/p>\n\t\t\t\t<input type=\"hidden\" name=\"action\" value=\"thfaqf_comment\">\n\t\t\t\t<input type=\"hidden\" name=\"faq_id\" value=\"2160\">\n\t\t\t\t<input type=\"hidden\" name=\"faq_index\" value=\"2\">\n\t\t\t\t<input type=\"hidden\" name=\"form_time\">\n\t\t\t\t<input type=\"text\" name=\"website\" style=\"display:none\">\n\t\t\t\t\t\t\t\t<input type=\"hidden\" name=\"form_token\" value=\"7917ee22-671e-43fc-8d05-a1e28d25ccd2\">\n\t\t\t\t<p><textarea placeholder=\"Add a Comment...\"name=\"user_msg\" class=\"thfaqf-comment-box thfaqf-ucomment\"><\/textarea><\/p>\n\t\t\t\t<p class=\"threq-comment\"><\/p>\n\t\t\t\t<input type=\"hidden\" name=\"wp_thfaqc_nonce\" value=\"5a71be11d8\"\/>\n\t\t    \t<p><button type=\"submit\" name=\"thfaqf_comment_submt\" class=\"thfaqf-submt-cmmt button primary is-xsmall\" onclick=\"submitFaqfComment(this)\">Send<\/button><\/p><p class=\"thfaqf-comment-validetion\"><\/p>\n\t\t    <\/form>\t\n\n\t\t    \t\t<\/div>\n\t\t <\/p><\/div>\n\t\t\t<\/div>\n\t\t\t<div class=\"log\"><\/div>\n\t\t<\/div>\n \t\t<\/div>\t        <p class=\"thfaqf-display-faq-setngs hide-faqf-group\">\n\t\t\t\t<span class=\"thfaqf-pagination\">\n\t\t\t\t\t<span onclick=\"ThfaqPagination(this,'prev_page')\" ><a class=\"thfaqf-prev-page thfaqf-div-none\"  href=\"#\"><<<\/a><\/span>\t\n\t\t\t\t\t\t\t\t            <span class=\"thfaqf-page-no \" data-number=\"1\">\n\t\t\t           \t<a class=\"thfaqf-pnumber thfaq-ft current\"href=\"#\" onclick=\"ThfaqEachPage(this)\" >1<\/a>\n\t\t\t            <\/span>\n\t\t\t             \n\t\t        \t<span onclick=\"ThfaqPagination(this,'next_page')\" data-page_count=\"1\"><a class=\"thfaqf-next-page thfaqf-div-none\" href=\"#\">>><\/a><\/span>\t\n\t\t\t\t<\/span>\n\t\t\t\t<input type=\"hidden\" class=\"thfaqf-count-faq-number\"name=\"count_faq\" value=\"3\"\/>\n\t\t\t<\/p><br>\n            \t    <\/div>\n\t    \n","protected":false},"excerpt":{"rendered":"<p>&nbsp; Image de marque dans le centre commercial Votre marque appartient d\u00e9j\u00e0 \u00e0 l\u2019endroit o\u00f9 des milliers d\u2019acheteurs se trouvent La publicit\u00e9 dans les centres commerciaux est l\u2019un des investissements les plus judicieux qu\u2019une entreprise en croissance puisse faire. Lorsque vous investissez dans la publicit\u00e9 pour les centres commerciaux, vous placez votre marque directement devant [&hellip;]<\/p>\n","protected":false},"author":1,"featured_media":724,"parent":0,"menu_order":0,"comment_status":"closed","ping_status":"closed","template":"template-services-gallery.php","meta":[],"_links":{"self":[{"href":"https:\/\/limelightmediaooh.com\/fr\/wp-json\/wp\/v2\/pages\/723"}],"collection":[{"href":"https:\/\/limelightmediaooh.com\/fr\/wp-json\/wp\/v2\/pages"}],"about":[{"href":"https:\/\/limelightmediaooh.com\/fr\/wp-json\/wp\/v2\/types\/page"}],"author":[{"embeddable":true,"href":"https:\/\/limelightmediaooh.com\/fr\/wp-json\/wp\/v2\/users\/1"}],"replies":[{"embeddable":true,"href":"https:\/\/limelightmediaooh.com\/fr\/wp-json\/wp\/v2\/comments?post=723"}],"version-history":[{"count":4,"href":"https:\/\/limelightmediaooh.com\/fr\/wp-json\/wp\/v2\/pages\/723\/revisions"}],"predecessor-version":[{"id":2342,"href":"https:\/\/limelightmediaooh.com\/fr\/wp-json\/wp\/v2\/pages\/723\/revisions\/2342"}],"wp:featuredmedia":[{"embeddable":true,"href":"https:\/\/limelightmediaooh.com\/fr\/wp-json\/wp\/v2\/media\/724"}],"wp:attachment":[{"href":"https:\/\/limelightmediaooh.com\/fr\/wp-json\/wp\/v2\/media?parent=723"}],"curies":[{"name":"wp","href":"https:\/\/api.w.org\/{rel}","templated":true}]}}