{"id":782,"date":"2025-12-03T06:19:15","date_gmt":"2025-12-03T06:19:15","guid":{"rendered":"https:\/\/limelightmediaooh.com\/image-de-marque-immobiliere\/"},"modified":"2026-04-10T18:41:05","modified_gmt":"2026-04-10T18:41:05","slug":"image-de-marque-immobiliere","status":"publish","type":"page","link":"https:\/\/limelightmediaooh.com\/fr-ma\/image-de-marque-immobiliere\/","title":{"rendered":"Image de marque immobili\u00e8re"},"content":{"rendered":"<div class=\"freshgallery-container\" data-columns=\"4\"><div class=\"freshgallery-item\"><img src=\"https:\/\/limelightmediaooh.com\/wp-content\/uploads\/2025\/12\/real-estate-branding-1-300x225.jpg\" alt=\"\" data-full=\"https:\/\/limelightmediaooh.com\/wp-content\/uploads\/2025\/12\/real-estate-branding-1.jpg\" \/><div class=\"freshgallery-caption\">Real Estate Branding<\/div><div class=\"freshgallery-link\"><a href=\"#\" target=\"_blank\" rel=\"noopener\">Voir le lien<\/a><\/div><\/div><div class=\"freshgallery-item\"><img src=\"https:\/\/limelightmediaooh.com\/wp-content\/uploads\/2025\/12\/real-estate-branding-300x225.jpg\" alt=\"Real Estate Branding Agency | Real Estate Branding Companies\" data-full=\"https:\/\/limelightmediaooh.com\/wp-content\/uploads\/2025\/12\/real-estate-branding.jpg\" \/><div class=\"freshgallery-caption\">Real Estate Branding<\/div><div class=\"freshgallery-link\"><a href=\"#\" target=\"_blank\" rel=\"noopener\">Voir le lien<\/a><\/div><\/div><\/div>\n<p>&nbsp;<\/p>\n<h1><strong>Image de marque immobili\u00e8re<\/strong><\/h1>\n<p><strong>Votre bien m\u00e9rite une marque qui se vend avant m\u00eame que vous ne prononciez un mot<\/strong><\/p>\n<p>Dans le march\u00e9 immobilier aujourd\u2019hui, f\u00e9rocement concurrentiel, travailler avec une agence professionnelle de branding immobilier n\u2019est plus optionnel, c\u2019est essentiel. Les principales entreprises de branding immobilier comprennent que les acheteurs et les investisseurs prennent d\u2019abord des d\u00e9cisions \u00e9motionnelles et ensuite des d\u00e9cisions logiques. Une <strong>agence de branding<\/strong> immobili\u00e8re puissante cr\u00e9e l\u2019histoire, les visuels et le message qui d\u00e9clenchent instantan\u00e9ment ces liens \u00e9motionnels. Les principales entreprises de branding immobilier construisent des marques qui imposent des prix \u00e9lev\u00e9s, attirent des acheteurs s\u00e9rieux et \u00e9liminent les longs cycles de vente. Obtenez un devis gratuit d\u00e8s aujourd\u2019hui et d\u00e9couvrez ce que le branding strat\u00e9gique apporte \u00e0 votre entreprise immobili\u00e8re.    <\/p>\n<p><strong>Qu\u2019est-ce qui distingue une excellente agence de branding immobilier des autres<\/strong><\/p>\n<p>Toutes les agences de branding immobilier ne donnent pas de r\u00e9sultats, seules celles con\u00e7ues sp\u00e9cifiquement pour les march\u00e9s immobiliers le font. Les meilleures entreprises de branding immobilier allient une connaissance approfondie du march\u00e9 \u00e0 une excellente cr\u00e9ativit\u00e9 pour positionner votre marque au-dessus de tous les concurrents. Une agence de branding immobilier d\u00e9di\u00e9e \u00e9tudie votre acheteur cible, votre positionnement sur le march\u00e9 et votre paysage concurrentiel avant de concevoir un seul actif. Les grandes entreprises de branding immobilier ne produisent pas de logos g\u00e9n\u00e9riques ni de brochures mod\u00e8les, elles construisent des \u00e9cosyst\u00e8mes de marque complets. Lorsque votre agence de branding immobilier r\u00e9ussit, vos biens cessent de concurrencer en termes de prix et commencent \u00e0 rivaliser sur leur attractivit\u00e9. C\u2019est la diff\u00e9rence mesurable que les entreprises de branding immobilier d\u2019\u00e9lite offrent syst\u00e9matiquement.     <\/p>\n<p><strong>Entreprises de branding immobilier qui g\u00e9n\u00e8rent de r\u00e9els revenus<\/strong><\/p>\n<p>Les entreprises de branding immobili\u00e8re les plus solides traitent chaque point de contact avec la marque comme une opportunit\u00e9 g\u00e9n\u00e9ratrice de revenus. Votre signal\u00e9tique, votre pr\u00e9sence digitale, votre style photographique et votre mat\u00e9riel marketing travaillent tous plus dur lorsqu\u2019une agence de branding immobilier ax\u00e9e sur les r\u00e9sultats les fa\u00e7onne avec intention. Les promoteurs et agents qui s\u2019associent \u00e0 des soci\u00e9t\u00e9s exp\u00e9riment\u00e9es de branding immobilier concluent syst\u00e9matiquement plus rapidement, n\u00e9gocient plus solidement et fid\u00e9lisent les clients plus longtemps. Une agence de branding immobilier strat\u00e9gique garantit que votre marque communique confiance, autorit\u00e9 et exclusivit\u00e9, trois qualit\u00e9s qui influencent directement la volont\u00e9 de payer de l\u2019acheteur. Les entreprises de branding immobilier qui comprennent ce principe sont celles dont les clients dominent leurs march\u00e9s locaux ann\u00e9e apr\u00e8s ann\u00e9e.    <\/p>\n<p><strong>Vos concurrents travaillent d\u00e9j\u00e0 avec une agence de branding immobilier<\/strong><\/p>\n<p>Pendant que vous r\u00e9fl\u00e9chissez \u00e0 vos options, des promoteurs et agents concurrents font d\u00e9j\u00e0 appel \u00e0 des entreprises de branding immobilier pour capter le public que vous visez. Chaque jour, sans une agence professionnelle de branding immobilier derri\u00e8re votre entreprise, vos concurrents renforcent leur position sur le march\u00e9. Les meilleures entreprises de branding immobilier ont une disponibilit\u00e9 limit\u00e9e pr\u00e9cis\u00e9ment parce que la demande est \u00e9lev\u00e9e et que les r\u00e9sultats sont prouv\u00e9s. S\u2019associer \u00e0 la bonne agence de branding immobilier signifie d\u00e9sormais des ventes plus rapides, des marges plus fortes et une marque qui prend de la valeur en parall\u00e8le avec votre portefeuille.   <\/p>\n<p><strong>Obtenez un devis gratuit et construisez une marque qui domine votre march\u00e9<\/strong><\/p>\n<p>Notre agence de branding immobilier est pr\u00eate \u00e0 transformer la fa\u00e7on dont vos biens sont per\u00e7us, positionn\u00e9s et vendus. En tant que l\u2019une des entreprises de branding immobilier les plus ax\u00e9es sur les r\u00e9sultats du secteur, nous apportons strat\u00e9gie, cr\u00e9ativit\u00e9 et expertise du march\u00e9 directement \u00e0 votre marque. <\/p>\n<p><a href=\"https:\/\/limelightmediaooh.com\/fr-ma\/contact\/\">Demandez un devis gratuit d\u00e8s maintenant<\/a>.<\/p>\n        <style type=\"text\/css\">\n        \t.thfaqf-faq-list-title { display: none; }        \t.thfaqf-tab h3.thfaqf-tablinks-2162.active {\n\t\t\t    background-color: #f5f5f5!important;\n\t\t\t    color: #cc2753!important;\n\t\t\t}\n\t\t\t.thfaqf-tab h3.thfaqf-tablinks-2162:hover {\n\t\t\t  \tbackground-color: #f5f5f5!important;\n\t\t\t}\n\t\t    .thfaqf-faq-item-2162.thfaqf-active .thfaqf-title-text{\n\t\t\t\tcolor: #cc2753!important;\n\t\t\t}\n          \n        <\/style>\n       \t\t<div class=\"thfaqf-faq-list thfaqf-theme-wrapper-limelight\">\n            <h3 class=\"thfaqf-faq-list-title\">Real Estate Branding FAQ<\/h3><div class=\"faq-item-wrapper\">\t\t<div id=\"thfaqf-faq-item-2162_0\" class=\"thfaqf-faq-item  thfaqf-faq-item-2162    thfaqf-post-id-2162 thfaqf-count-dsply-setngs\" style=\"border-radius: 6px;\" >\n\t\t\t<div data-active_color=\"#cc2753\" class=\"thfaqf-faq-item-title\" style=\"border-width: 1px; border-style: solid; margin-bottom: -1px; background-color: #f5f5f5; border-color: #f5f5f5;\">\n \t\t\t\t<h4>\n \t\t\t\t\t \t\t\t\t<span class=\"thfaq-marker thfaqf-toggle-icon\" style=\" color: #b2b2b2;\"><\/span>\n \t\t\t\t\t<span class=\"thfaqf-title-text \" style=\" color: #000000;\" >1. What does real estate branding involve with Limelight Media OOH?<\/span>\n \t\t\t\t<\/h4>\t\n\t\t\t<\/div>\n\t\t\t<div class=\"thfaqf-faq-item-content\" style=\"border-width: 1px; border-style: solid; background-color: #fcfcfc; border-color: #fcfcfc; color: #000000;\" >\n\t\t\t\t<p>Real estate branding with Limelight Media OOH involves creating bold, large-format outdoor displays that promote property developments, housing projects, and commercial real estate directly to buyers, investors, and tenants in high-visibility locations. Our real estate branding solutions are designed to build credibility and awareness for developments at the critical stages of launch and sales, ensuring the right audiences take notice. To get started on a campaign, contact our team at info@limelightmediaooh.com for a tailored quote.<\/p>\n\t\t\t\t<div class=\"thfaq-enable-comment-box thfaqf-hide\"> <p>\t\t<div class=\"thfaqf-comment-wrapper\">\n\t\t\t<form form method=\"post\" class=\"thfaqf-post-comment\">\n\t\t\t\t<p><input class=\"thfaqf-comment-box thfaqf-uname\" type=\"text\" placeholder=\"Name...\"name=\"user_name\"\/><\/p>\n\t\t\t\t<p class=\"threq-name\"><\/p>\n\t\t\t\t<input type=\"hidden\" name=\"action\" value=\"thfaqf_comment\">\n\t\t\t\t<input type=\"hidden\" name=\"faq_id\" value=\"2162\">\n\t\t\t\t<input type=\"hidden\" name=\"faq_index\" value=\"0\">\n\t\t\t\t<input type=\"hidden\" name=\"form_time\">\n\t\t\t\t<input type=\"text\" name=\"website\" style=\"display:none\">\n\t\t\t\t\t\t\t\t<input type=\"hidden\" name=\"form_token\" value=\"1d1cbfed-87b2-4a47-8b3e-d0b73b46ee42\">\n\t\t\t\t<p><textarea placeholder=\"Add a Comment...\"name=\"user_msg\" class=\"thfaqf-comment-box thfaqf-ucomment\"><\/textarea><\/p>\n\t\t\t\t<p class=\"threq-comment\"><\/p>\n\t\t\t\t<input type=\"hidden\" name=\"wp_thfaqc_nonce\" value=\"fd69a9fb6d\"\/>\n\t\t    \t<p><button type=\"submit\" name=\"thfaqf_comment_submt\" class=\"thfaqf-submt-cmmt button primary is-xsmall\" onclick=\"submitFaqfComment(this)\">Send<\/button><\/p><p class=\"thfaqf-comment-validetion\"><\/p>\n\t\t    <\/form>\t\n\n\t\t    \t\t<\/div>\n\t\t <\/p><\/div>\n\t\t\t<\/div>\n\t\t\t<div class=\"log\"><\/div>\n\t\t<\/div>\n \t\t\t\t<div id=\"thfaqf-faq-item-2162_1\" class=\"thfaqf-faq-item  thfaqf-faq-item-2162    thfaqf-post-id-2162 thfaqf-count-dsply-setngs\" style=\"border-radius: 6px;\" >\n\t\t\t<div data-active_color=\"#cc2753\" class=\"thfaqf-faq-item-title\" style=\"border-width: 1px; border-style: solid; margin-bottom: -1px; background-color: #f5f5f5; border-color: #f5f5f5;\">\n \t\t\t\t<h4>\n \t\t\t\t\t \t\t\t\t<span class=\"thfaq-marker thfaqf-toggle-icon\" style=\" color: #b2b2b2;\"><\/span>\n \t\t\t\t\t<span class=\"thfaqf-title-text \" style=\" color: #000000;\" >2. What can a real estate branding agency like Limelight Media OOH do for property developers?<\/span>\n \t\t\t\t<\/h4>\t\n\t\t\t<\/div>\n\t\t\t<div class=\"thfaqf-faq-item-content\" style=\"border-width: 1px; border-style: solid; background-color: #fcfcfc; border-color: #fcfcfc; color: #000000;\" >\n\t\t\t\t<p>As an experienced real estate branding agency with an international footprint, Limelight Media OOH helps property developers and real estate companies create a powerful outdoor presence through strategically placed hoardings, billboards, and large-format displays near project sites and key feeder routes. Working with a dedicated real estate branding agency ensures that every placement is chosen to reach the most relevant audience, whether that is local homebuyers, commercial tenants, or international investors. Our global reach across Africa, Asia, the Middle East, Europe, and beyond means they can support real estate campaigns of any scale, from a single development to a multi-market property portfolio.<\/p>\n\t\t\t\t<div class=\"thfaq-enable-comment-box thfaqf-hide\"> <p>\t\t<div class=\"thfaqf-comment-wrapper\">\n\t\t\t<form form method=\"post\" class=\"thfaqf-post-comment\">\n\t\t\t\t<p><input class=\"thfaqf-comment-box thfaqf-uname\" type=\"text\" placeholder=\"Name...\"name=\"user_name\"\/><\/p>\n\t\t\t\t<p class=\"threq-name\"><\/p>\n\t\t\t\t<input type=\"hidden\" name=\"action\" value=\"thfaqf_comment\">\n\t\t\t\t<input type=\"hidden\" name=\"faq_id\" value=\"2162\">\n\t\t\t\t<input type=\"hidden\" name=\"faq_index\" value=\"1\">\n\t\t\t\t<input type=\"hidden\" name=\"form_time\">\n\t\t\t\t<input type=\"text\" name=\"website\" style=\"display:none\">\n\t\t\t\t\t\t\t\t<input type=\"hidden\" name=\"form_token\" value=\"d9b0d94c-9625-4c26-8fb2-54aa7135c1f9\">\n\t\t\t\t<p><textarea placeholder=\"Add a Comment...\"name=\"user_msg\" class=\"thfaqf-comment-box thfaqf-ucomment\"><\/textarea><\/p>\n\t\t\t\t<p class=\"threq-comment\"><\/p>\n\t\t\t\t<input type=\"hidden\" name=\"wp_thfaqc_nonce\" value=\"fd69a9fb6d\"\/>\n\t\t    \t<p><button type=\"submit\" name=\"thfaqf_comment_submt\" class=\"thfaqf-submt-cmmt button primary is-xsmall\" onclick=\"submitFaqfComment(this)\">Send<\/button><\/p><p class=\"thfaqf-comment-validetion\"><\/p>\n\t\t    <\/form>\t\n\n\t\t    \t\t<\/div>\n\t\t <\/p><\/div>\n\t\t\t<\/div>\n\t\t\t<div class=\"log\"><\/div>\n\t\t<\/div>\n \t\t\t\t<div id=\"thfaqf-faq-item-2162_2\" class=\"thfaqf-faq-item  thfaqf-faq-item-2162    thfaqf-post-id-2162 thfaqf-count-dsply-setngs\" style=\"border-radius: 6px;\" >\n\t\t\t<div data-active_color=\"#cc2753\" class=\"thfaqf-faq-item-title\" style=\"border-width: 1px; border-style: solid; margin-bottom: -1px; background-color: #f5f5f5; border-color: #f5f5f5;\">\n \t\t\t\t<h4>\n \t\t\t\t\t \t\t\t\t<span class=\"thfaq-marker thfaqf-toggle-icon\" style=\" color: #b2b2b2;\"><\/span>\n \t\t\t\t\t<span class=\"thfaqf-title-text \" style=\" color: #000000;\" >3. How do real estate branding companies like Limelight Media OOH add value to property campaigns?<\/span>\n \t\t\t\t<\/h4>\t\n\t\t\t<\/div>\n\t\t\t<div class=\"thfaqf-faq-item-content\" style=\"border-width: 1px; border-style: solid; background-color: #fcfcfc; border-color: #fcfcfc; color: #000000;\" >\n\t\t\t\t<p>Among real estate branding companies operating globally, Limelight Media OOH stands apart for its combination of OOH expertise and extensive international network, allowing property brands to connect with audiences across dozens of markets simultaneously. Our end-to-end service covers site selection, production, and installation, taking the complexity out of outdoor real estate marketing and ensuring campaigns are executed to the highest standard. For property developers looking to generate leads and build brand recognition ahead of or during a sales launch, partnering with experienced real estate branding companies like Limelight Media OOH delivers measurable impact.<\/p>\n\t\t\t\t<div class=\"thfaq-enable-comment-box thfaqf-hide\"> <p>\t\t<div class=\"thfaqf-comment-wrapper\">\n\t\t\t<form form method=\"post\" class=\"thfaqf-post-comment\">\n\t\t\t\t<p><input class=\"thfaqf-comment-box thfaqf-uname\" type=\"text\" placeholder=\"Name...\"name=\"user_name\"\/><\/p>\n\t\t\t\t<p class=\"threq-name\"><\/p>\n\t\t\t\t<input type=\"hidden\" name=\"action\" value=\"thfaqf_comment\">\n\t\t\t\t<input type=\"hidden\" name=\"faq_id\" value=\"2162\">\n\t\t\t\t<input type=\"hidden\" name=\"faq_index\" value=\"2\">\n\t\t\t\t<input type=\"hidden\" name=\"form_time\">\n\t\t\t\t<input type=\"text\" name=\"website\" style=\"display:none\">\n\t\t\t\t\t\t\t\t<input type=\"hidden\" name=\"form_token\" value=\"b3cfe531-4bc9-4cb3-8e3d-464c755ed971\">\n\t\t\t\t<p><textarea placeholder=\"Add a Comment...\"name=\"user_msg\" class=\"thfaqf-comment-box thfaqf-ucomment\"><\/textarea><\/p>\n\t\t\t\t<p class=\"threq-comment\"><\/p>\n\t\t\t\t<input type=\"hidden\" name=\"wp_thfaqc_nonce\" value=\"fd69a9fb6d\"\/>\n\t\t    \t<p><button type=\"submit\" name=\"thfaqf_comment_submt\" class=\"thfaqf-submt-cmmt button primary is-xsmall\" onclick=\"submitFaqfComment(this)\">Send<\/button><\/p><p class=\"thfaqf-comment-validetion\"><\/p>\n\t\t    <\/form>\t\n\n\t\t    \t\t<\/div>\n\t\t <\/p><\/div>\n\t\t\t<\/div>\n\t\t\t<div class=\"log\"><\/div>\n\t\t<\/div>\n \t\t<\/div>\t        <p class=\"thfaqf-display-faq-setngs hide-faqf-group\">\n\t\t\t\t<span class=\"thfaqf-pagination\">\n\t\t\t\t\t<span onclick=\"ThfaqPagination(this,'prev_page')\" ><a class=\"thfaqf-prev-page thfaqf-div-none\"  href=\"#\"><<<\/a><\/span>\t\n\t\t\t\t\t\t\t\t            <span class=\"thfaqf-page-no \" data-number=\"1\">\n\t\t\t           \t<a class=\"thfaqf-pnumber thfaq-ft current\"href=\"#\" onclick=\"ThfaqEachPage(this)\" >1<\/a>\n\t\t\t            <\/span>\n\t\t\t             \n\t\t        \t<span onclick=\"ThfaqPagination(this,'next_page')\" data-page_count=\"1\"><a class=\"thfaqf-next-page thfaqf-div-none\" href=\"#\">>><\/a><\/span>\t\n\t\t\t\t<\/span>\n\t\t\t\t<input type=\"hidden\" class=\"thfaqf-count-faq-number\"name=\"count_faq\" value=\"3\"\/>\n\t\t\t<\/p><br>\n            \t    <\/div>\n\t    \n","protected":false},"excerpt":{"rendered":"<p>&nbsp; Image de marque immobili\u00e8re Votre bien m\u00e9rite une marque qui se vend avant m\u00eame que vous ne prononciez un mot Dans le march\u00e9 immobilier aujourd\u2019hui, f\u00e9rocement concurrentiel, travailler avec une agence professionnelle de branding immobilier n\u2019est plus optionnel, c\u2019est essentiel. Les principales entreprises de branding immobilier comprennent que les acheteurs et les investisseurs prennent [&hellip;]<\/p>\n","protected":false},"author":1,"featured_media":783,"parent":0,"menu_order":0,"comment_status":"closed","ping_status":"closed","template":"template-services-gallery.php","meta":[],"_links":{"self":[{"href":"https:\/\/limelightmediaooh.com\/fr-ma\/wp-json\/wp\/v2\/pages\/782"}],"collection":[{"href":"https:\/\/limelightmediaooh.com\/fr-ma\/wp-json\/wp\/v2\/pages"}],"about":[{"href":"https:\/\/limelightmediaooh.com\/fr-ma\/wp-json\/wp\/v2\/types\/page"}],"author":[{"embeddable":true,"href":"https:\/\/limelightmediaooh.com\/fr-ma\/wp-json\/wp\/v2\/users\/1"}],"replies":[{"embeddable":true,"href":"https:\/\/limelightmediaooh.com\/fr-ma\/wp-json\/wp\/v2\/comments?post=782"}],"version-history":[{"count":3,"href":"https:\/\/limelightmediaooh.com\/fr-ma\/wp-json\/wp\/v2\/pages\/782\/revisions"}],"predecessor-version":[{"id":2334,"href":"https:\/\/limelightmediaooh.com\/fr-ma\/wp-json\/wp\/v2\/pages\/782\/revisions\/2334"}],"wp:featuredmedia":[{"embeddable":true,"href":"https:\/\/limelightmediaooh.com\/fr-ma\/wp-json\/wp\/v2\/media\/783"}],"wp:attachment":[{"href":"https:\/\/limelightmediaooh.com\/fr-ma\/wp-json\/wp\/v2\/media?parent=782"}],"curies":[{"name":"wp","href":"https:\/\/api.w.org\/{rel}","templated":true}]}}