{"id":964,"date":"2026-01-29T08:29:55","date_gmt":"2026-01-29T08:29:55","guid":{"rendered":"https:\/\/limelightmediaooh.com\/flughafenwerbung\/"},"modified":"2026-04-10T18:40:44","modified_gmt":"2026-04-10T18:40:44","slug":"flughafenwerbung","status":"publish","type":"page","link":"https:\/\/limelightmediaooh.com\/de\/flughafenwerbung\/","title":{"rendered":"Flughafenwerbung"},"content":{"rendered":"<h1><strong>Flughafenwerbung<\/strong><\/h1>\n<p><strong>Dominieren Sie jedes Terminal mit Flughafenwerbung, die konvertiert<\/strong><\/p>\n<p>Wenn Reisende durch einen Flughafen gehen, sind sie ein gefangenes Publikum mit Zeit, Aufmerksamkeit und Kaufkraft. Flughafenwerbung bringt Ihre Marke direkt vor diese wertvollen Verbraucher. Die besten Flughafenanzeigen werden nicht nur wahrgenommen, sie f\u00fchren auch zu echten Gesch\u00e4ftsergebnissen. Wenn Sie es ernst meinen, Entscheidungstr\u00e4ger, F\u00fchrungskr\u00e4fte und Vielflieger zu erreichen, ist <strong>Flughafenwerbung<\/strong> Ihr wirkungsvollstes Werkzeug. Holen Sie sich noch heute ein kostenloses Angebot und beanspruchen Sie Ihren Raum.    <\/p>\n<p>Limelight Media OOH bietet erstklassige Flughafenwerbungsl\u00f6sungen, die Ihre Marke an wichtigen internationalen Flugh\u00e4fen einem hoch wertvollen, gebundenen und wohlhabenden globalen Publikum pr\u00e4sentieren. In der dynamischen Umgebung von Check-in-Hallen, Sicherheitsbereichen, Abfluglounges, G\u00e4ngen, Gates, Gep\u00e4ckausgaben und Premium-Terminals bieten wir ein umfassendes Spektrum an wirkungsvollen Formaten \u2013 darunter gro\u00dfformatige digitale Bildschirme, Videow\u00e4nde, hinterleuchtete Displays, Spannstoffinstallationen, Wandfolien, digitale Kioske, erlebnisorientierte Aktivierungen und strategische statische Platzierungen \u2013, die w\u00e4hrend l\u00e4ngerer Verweilzeiten und Momente der Erwartung oder Entspannung Aufmerksamkeit auf sich ziehen. Arbeiten Sie mit uns zusammen, wo Ihre Marke die mobilsten und einflussreichsten Zielgruppen der Welt erreicht \u2013 genau dort, wo Reisen beginnen und enden.  <\/p>\n<p><strong>Warum Flughafenwerbung alle anderen Kan\u00e4le \u00fcbertrifft<\/strong><\/p>\n<p>Kein anderes Medium zieht so viel Aufmerksamkeit auf sich wie Flughafenwerbung. Passagiere verbringen durchschnittlich 90 Minuten in Terminals, was Ihrer Nachricht wiederholt Aufmerksamkeit verleiht. Die besten Flughafenwerbungen nutzen diese Verweilzeit, um Markenerinnerungen aufzubauen, die lange nach der Landung des Fluges anh\u00e4lt. Im Gegensatz zu digitalen Anzeigen, an denen man vorbeiscrollt, umgibt Flughafenwerbung Ihr Publikum vollst\u00e4ndig. Vom Check-in bis zum Einsteigen begleiten die besten Flughafenanzeigen die Reisenden auf jedem Schritt ihrer Reise. Marken, die in Flughafenwerbung investieren, melden durchweg h\u00f6here R\u00fcckrufquoten und st\u00e4rkere Konversionen. Das ist kein Zufall, sondern die Kraft strategischer Platzierung.      <\/p>\n<p><strong>Die besten Flughafenanzeigen basieren auf Strategie, nicht auf Zufall<\/strong><\/p>\n<p>Was durchschnittliche Kampagnen von den besten Flughafenanzeigen unterscheidet, ist die Pr\u00e4zision. Unsere Flughafenmarketing-Spezialisten analysieren den Passagierfluss, demografische Daten und das Terminalverhalten, um Ihre Marke genau dort zu positionieren, wo sie auftritt. Jede von uns empfohlene Platzierung ist durch Daten gest\u00fctzt. Die besten Flughafenanzeigen verbinden fesselnde Kreativit\u00e4t mit unverzichtbaren Orten, und genau diese Kombination liefern wir. Unser Flughafen-Werbenetzwerk umfasst Premium-Terminals und bietet Ihnen Zugang zu Zielgruppen, die andere Kan\u00e4le einfach nicht erreichen k\u00f6nnen. Wenn Sie Flughafenwerbung \u00fcber uns w\u00e4hlen, w\u00e4hlen Sie ein bew\u00e4hrtes System, das Aufmerksamkeit in Einnahmen umwandelt.     <\/p>\n<p><strong>Ihre Konkurrenz nutzt bereits Flughafenwerbung.<\/strong><\/p>\n<p>Im Moment schalten die Wettbewerber die besten Flughafenanzeigen in den Terminals, durch die Ihre Kunden t\u00e4glich gehen. Flughafenwerbung ist keine zuk\u00fcnftige \u00dcberlegung, sondern eine aktuelle Dringlichkeit. Marken, die in ihren M\u00e4rkten gewinnen, verstehen, dass die besten Flughafenanzeigen einen Eindruck von Gr\u00f6\u00dfe und Glaubw\u00fcrdigkeit erzeugen, den keine Social-Media-Kampagne nachahmen kann. Flughafenwerbung signalisiert Marktf\u00fchrung. Es zeigt deinem Publikum, dass du ernsthaft, etabliert bist und ihr Vertrauen verdienst. Die besten Flughafenanzeigen bringen Kunden dazu, zu Ihnen zu kommen, nicht umgekehrt.     <\/p>\n<p><strong>Machen Sie den ersten Schritt: Erhalten Sie jetzt ein kostenloses Angebot<\/strong><\/p>\n<p>H\u00f6ren Sie auf, Premium-Flughafenwerbefl\u00e4chen Ihren Wettbewerbern zu \u00fcberlassen. Unser Team ist bereit, eine Kampagne mit den besten Flughafenanzeigen zu erstellen, die speziell auf Ihre Ziele, Ihr Budget und Ihre Zielgruppe zugeschnitten sind. Flughafenwerbung funktioniert, und wir k\u00f6nnen es beweisen  <\/p>\n<p><a href=\"https:\/\/limelightmediaooh.com\/de\/kontakt\/\">Erhalten Sie noch heute ein kostenloses Angebot<\/a> und lassen Sie uns gemeinsam Ihre erfolgreiche Flughafenwerbekampagne aufbauen.<\/p>\n        <style type=\"text\/css\">\n        \t.thfaqf-faq-list-title { display: none; }        \t.thfaqf-tab h3.thfaqf-tablinks-2113.active {\n\t\t\t    background-color: #f5f5f5!important;\n\t\t\t    color: #cc2753!important;\n\t\t\t}\n\t\t\t.thfaqf-tab h3.thfaqf-tablinks-2113:hover {\n\t\t\t  \tbackground-color: #f5f5f5!important;\n\t\t\t}\n\t\t    .thfaqf-faq-item-2113.thfaqf-active .thfaqf-title-text{\n\t\t\t\tcolor: #cc2753!important;\n\t\t\t}\n          \n        <\/style>\n       \t\t<div class=\"thfaqf-faq-list thfaqf-theme-wrapper-limelight\">\n            <h3 class=\"thfaqf-faq-list-title\">Airport Advertising FAQ<\/h3><div class=\"faq-item-wrapper\">\t\t<div id=\"thfaqf-faq-item-2113_0\" class=\"thfaqf-faq-item  thfaqf-faq-item-2113    thfaqf-post-id-2113 thfaqf-count-dsply-setngs\" style=\"border-radius: 6px;\" >\n\t\t\t<div data-active_color=\"#cc2753\" class=\"thfaqf-faq-item-title\" style=\"border-width: 1px; border-style: solid; margin-bottom: -1px; background-color: #f5f5f5; border-color: #f5f5f5;\">\n \t\t\t\t<h4>\n \t\t\t\t\t \t\t\t\t<span class=\"thfaq-marker thfaqf-toggle-icon\" style=\" color: #b2b2b2;\"><\/span>\n \t\t\t\t\t<span class=\"thfaqf-title-text \" style=\" color: #000000;\" >1. What does airport advertising with Limelight Media OOH involve?<\/span>\n \t\t\t\t<\/h4>\t\n\t\t\t<\/div>\n\t\t\t<div class=\"thfaqf-faq-item-content\" style=\"border-width: 1px; border-style: solid; background-color: #fcfcfc; border-color: #fcfcfc; color: #000000;\" >\n\t\t\t\t<p>Limelight Media OOH delivers airport advertising solutions across key international airports, placing brands in check-in halls, departure lounges, baggage claim zones, concourses, and premium terminals where travelers spend extended dwell time. Our airport advertising formats include large-format digital screens, video walls, backlit displays, wall wraps, digital kiosks, and experiential activations, ensuring maximum brand impact throughout every stage of the passenger journey. It is one of the most powerful ways to reach a captive, affluent, and globally mobile audience all in a single environment.<\/p>\n\t\t\t\t<div class=\"thfaq-enable-comment-box thfaqf-hide\"> <p>\t\t<div class=\"thfaqf-comment-wrapper\">\n\t\t\t<form form method=\"post\" class=\"thfaqf-post-comment\">\n\t\t\t\t<p><input class=\"thfaqf-comment-box thfaqf-uname\" type=\"text\" placeholder=\"Name...\"name=\"user_name\"\/><\/p>\n\t\t\t\t<p class=\"threq-name\"><\/p>\n\t\t\t\t<input type=\"hidden\" name=\"action\" value=\"thfaqf_comment\">\n\t\t\t\t<input type=\"hidden\" name=\"faq_id\" value=\"2113\">\n\t\t\t\t<input type=\"hidden\" name=\"faq_index\" value=\"0\">\n\t\t\t\t<input type=\"hidden\" name=\"form_time\">\n\t\t\t\t<input type=\"text\" name=\"website\" style=\"display:none\">\n\t\t\t\t\t\t\t\t<input type=\"hidden\" name=\"form_token\" value=\"1c7ecac4-33cf-46c1-b11e-058ba08f5583\">\n\t\t\t\t<p><textarea placeholder=\"Add a Comment...\"name=\"user_msg\" class=\"thfaqf-comment-box thfaqf-ucomment\"><\/textarea><\/p>\n\t\t\t\t<p class=\"threq-comment\"><\/p>\n\t\t\t\t<input type=\"hidden\" name=\"wp_thfaqc_nonce\" value=\"3201d758ba\"\/>\n\t\t    \t<p><button type=\"submit\" name=\"thfaqf_comment_submt\" class=\"thfaqf-submt-cmmt button primary is-xsmall\" onclick=\"submitFaqfComment(this)\">Send<\/button><\/p><p class=\"thfaqf-comment-validetion\"><\/p>\n\t\t    <\/form>\t\n\n\t\t    \t\t<\/div>\n\t\t <\/p><\/div>\n\t\t\t<\/div>\n\t\t\t<div class=\"log\"><\/div>\n\t\t<\/div>\n \t\t\t\t<div id=\"thfaqf-faq-item-2113_1\" class=\"thfaqf-faq-item  thfaqf-faq-item-2113    thfaqf-post-id-2113 thfaqf-count-dsply-setngs\" style=\"border-radius: 6px;\" >\n\t\t\t<div data-active_color=\"#cc2753\" class=\"thfaqf-faq-item-title\" style=\"border-width: 1px; border-style: solid; margin-bottom: -1px; background-color: #f5f5f5; border-color: #f5f5f5;\">\n \t\t\t\t<h4>\n \t\t\t\t\t \t\t\t\t<span class=\"thfaq-marker thfaqf-toggle-icon\" style=\" color: #b2b2b2;\"><\/span>\n \t\t\t\t\t<span class=\"thfaqf-title-text \" style=\" color: #000000;\" >2. What types of airport ads does Limelight Media OOH offer?<\/span>\n \t\t\t\t<\/h4>\t\n\t\t\t<\/div>\n\t\t\t<div class=\"thfaqf-faq-item-content\" style=\"border-width: 1px; border-style: solid; background-color: #fcfcfc; border-color: #fcfcfc; color: #000000;\" >\n\t\t\t\t<p>Limelight Media OOH offers a comprehensive range of airport ads spanning both digital and static formats, from tension fabric installations and backlit displays to high-definition video walls and strategic static placements. Our airport ads are designed to capture attention during moments of anticipation and relaxation, when travelers are highly receptive to brand messaging. Whether your goal is broad awareness or targeted engagement with premium audiences, the team will tailor the right mix of formats to deliver results.<\/p>\n\t\t\t\t<div class=\"thfaq-enable-comment-box thfaqf-hide\"> <p>\t\t<div class=\"thfaqf-comment-wrapper\">\n\t\t\t<form form method=\"post\" class=\"thfaqf-post-comment\">\n\t\t\t\t<p><input class=\"thfaqf-comment-box thfaqf-uname\" type=\"text\" placeholder=\"Name...\"name=\"user_name\"\/><\/p>\n\t\t\t\t<p class=\"threq-name\"><\/p>\n\t\t\t\t<input type=\"hidden\" name=\"action\" value=\"thfaqf_comment\">\n\t\t\t\t<input type=\"hidden\" name=\"faq_id\" value=\"2113\">\n\t\t\t\t<input type=\"hidden\" name=\"faq_index\" value=\"1\">\n\t\t\t\t<input type=\"hidden\" name=\"form_time\">\n\t\t\t\t<input type=\"text\" name=\"website\" style=\"display:none\">\n\t\t\t\t\t\t\t\t<input type=\"hidden\" name=\"form_token\" value=\"f52f89e3-b996-4935-b28f-64bc397e61ee\">\n\t\t\t\t<p><textarea placeholder=\"Add a Comment...\"name=\"user_msg\" class=\"thfaqf-comment-box thfaqf-ucomment\"><\/textarea><\/p>\n\t\t\t\t<p class=\"threq-comment\"><\/p>\n\t\t\t\t<input type=\"hidden\" name=\"wp_thfaqc_nonce\" value=\"3201d758ba\"\/>\n\t\t    \t<p><button type=\"submit\" name=\"thfaqf_comment_submt\" class=\"thfaqf-submt-cmmt button primary is-xsmall\" onclick=\"submitFaqfComment(this)\">Send<\/button><\/p><p class=\"thfaqf-comment-validetion\"><\/p>\n\t\t    <\/form>\t\n\n\t\t    \t\t<\/div>\n\t\t <\/p><\/div>\n\t\t\t<\/div>\n\t\t\t<div class=\"log\"><\/div>\n\t\t<\/div>\n \t\t\t\t<div id=\"thfaqf-faq-item-2113_2\" class=\"thfaqf-faq-item  thfaqf-faq-item-2113    thfaqf-post-id-2113 thfaqf-count-dsply-setngs\" style=\"border-radius: 6px;\" >\n\t\t\t<div data-active_color=\"#cc2753\" class=\"thfaqf-faq-item-title\" style=\"border-width: 1px; border-style: solid; margin-bottom: -1px; background-color: #f5f5f5; border-color: #f5f5f5;\">\n \t\t\t\t<h4>\n \t\t\t\t\t \t\t\t\t<span class=\"thfaq-marker thfaqf-toggle-icon\" style=\" color: #b2b2b2;\"><\/span>\n \t\t\t\t\t<span class=\"thfaqf-title-text \" style=\" color: #000000;\" >3. Why choose Limelight Media OOH among airport advertising companies?<\/span>\n \t\t\t\t<\/h4>\t\n\t\t\t<\/div>\n\t\t\t<div class=\"thfaqf-faq-item-content\" style=\"border-width: 1px; border-style: solid; background-color: #fcfcfc; border-color: #fcfcfc; color: #000000;\" >\n\t\t\t\t<p>Among airport advertising companies operating globally, Limelight Media OOH stands out as an internationally recognized leader with extensive coverage across key markets in Africa, Asia, the Middle East, Europe, and beyond. Our roster of clients includes major global brands such as Airtel, Emirates, HP, Fanta, and Ford, demonstrating the trust that top-tier advertisers place in their expertise and network. To discuss available airport locations and campaign options, get in touch directly at <a href=\"mailto:info@limelightmediaooh.com\">info@limelightmediaooh.com<\/a>.<\/p>\n\t\t\t\t<div class=\"thfaq-enable-comment-box thfaqf-hide\"> <p>\t\t<div class=\"thfaqf-comment-wrapper\">\n\t\t\t<form form method=\"post\" class=\"thfaqf-post-comment\">\n\t\t\t\t<p><input class=\"thfaqf-comment-box thfaqf-uname\" type=\"text\" placeholder=\"Name...\"name=\"user_name\"\/><\/p>\n\t\t\t\t<p class=\"threq-name\"><\/p>\n\t\t\t\t<input type=\"hidden\" name=\"action\" value=\"thfaqf_comment\">\n\t\t\t\t<input type=\"hidden\" name=\"faq_id\" value=\"2113\">\n\t\t\t\t<input type=\"hidden\" name=\"faq_index\" value=\"2\">\n\t\t\t\t<input type=\"hidden\" name=\"form_time\">\n\t\t\t\t<input type=\"text\" name=\"website\" style=\"display:none\">\n\t\t\t\t\t\t\t\t<input type=\"hidden\" name=\"form_token\" value=\"42ef5bdc-b719-487c-8e24-f6340a66e67d\">\n\t\t\t\t<p><textarea placeholder=\"Add a Comment...\"name=\"user_msg\" class=\"thfaqf-comment-box thfaqf-ucomment\"><\/textarea><\/p>\n\t\t\t\t<p class=\"threq-comment\"><\/p>\n\t\t\t\t<input type=\"hidden\" name=\"wp_thfaqc_nonce\" value=\"3201d758ba\"\/>\n\t\t    \t<p><button type=\"submit\" name=\"thfaqf_comment_submt\" class=\"thfaqf-submt-cmmt button primary is-xsmall\" onclick=\"submitFaqfComment(this)\">Send<\/button><\/p><p class=\"thfaqf-comment-validetion\"><\/p>\n\t\t    <\/form>\t\n\n\t\t    \t\t<\/div>\n\t\t <\/p><\/div>\n\t\t\t<\/div>\n\t\t\t<div class=\"log\"><\/div>\n\t\t<\/div>\n \t\t<\/div>\t        <p class=\"thfaqf-display-faq-setngs hide-faqf-group\">\n\t\t\t\t<span class=\"thfaqf-pagination\">\n\t\t\t\t\t<span onclick=\"ThfaqPagination(this,'prev_page')\" ><a class=\"thfaqf-prev-page thfaqf-div-none\"  href=\"#\"><<<\/a><\/span>\t\n\t\t\t\t\t\t\t\t            <span class=\"thfaqf-page-no \" data-number=\"1\">\n\t\t\t           \t<a class=\"thfaqf-pnumber thfaq-ft current\"href=\"#\" onclick=\"ThfaqEachPage(this)\" >1<\/a>\n\t\t\t            <\/span>\n\t\t\t             \n\t\t        \t<span onclick=\"ThfaqPagination(this,'next_page')\" data-page_count=\"1\"><a class=\"thfaqf-next-page thfaqf-div-none\" href=\"#\">>><\/a><\/span>\t\n\t\t\t\t<\/span>\n\t\t\t\t<input type=\"hidden\" class=\"thfaqf-count-faq-number\"name=\"count_faq\" value=\"3\"\/>\n\t\t\t<\/p><br>\n            \t    <\/div>\n\t    \n","protected":false},"excerpt":{"rendered":"<p>Flughafenwerbung Dominieren Sie jedes Terminal mit Flughafenwerbung, die konvertiert Wenn Reisende durch einen Flughafen gehen, sind sie ein gefangenes Publikum mit Zeit, Aufmerksamkeit und Kaufkraft. Flughafenwerbung bringt Ihre Marke direkt vor diese wertvollen Verbraucher. Die besten Flughafenanzeigen werden nicht nur wahrgenommen, sie f\u00fchren auch zu echten Gesch\u00e4ftsergebnissen. Wenn Sie es ernst meinen, Entscheidungstr\u00e4ger, F\u00fchrungskr\u00e4fte und [&hellip;]<\/p>\n","protected":false},"author":1,"featured_media":1487,"parent":0,"menu_order":0,"comment_status":"closed","ping_status":"closed","template":"","meta":[],"_links":{"self":[{"href":"https:\/\/limelightmediaooh.com\/de\/wp-json\/wp\/v2\/pages\/964"}],"collection":[{"href":"https:\/\/limelightmediaooh.com\/de\/wp-json\/wp\/v2\/pages"}],"about":[{"href":"https:\/\/limelightmediaooh.com\/de\/wp-json\/wp\/v2\/types\/page"}],"author":[{"embeddable":true,"href":"https:\/\/limelightmediaooh.com\/de\/wp-json\/wp\/v2\/users\/1"}],"replies":[{"embeddable":true,"href":"https:\/\/limelightmediaooh.com\/de\/wp-json\/wp\/v2\/comments?post=964"}],"version-history":[{"count":3,"href":"https:\/\/limelightmediaooh.com\/de\/wp-json\/wp\/v2\/pages\/964\/revisions"}],"predecessor-version":[{"id":2314,"href":"https:\/\/limelightmediaooh.com\/de\/wp-json\/wp\/v2\/pages\/964\/revisions\/2314"}],"wp:featuredmedia":[{"embeddable":true,"href":"https:\/\/limelightmediaooh.com\/de\/wp-json\/wp\/v2\/media\/1487"}],"wp:attachment":[{"href":"https:\/\/limelightmediaooh.com\/de\/wp-json\/wp\/v2\/media?parent=964"}],"curies":[{"name":"wp","href":"https:\/\/api.w.org\/{rel}","templated":true}]}}