{"id":778,"date":"2025-12-03T06:19:15","date_gmt":"2025-12-03T06:19:15","guid":{"rendered":"https:\/\/limelightmediaooh.com\/immobilienbranding\/"},"modified":"2026-04-10T18:41:06","modified_gmt":"2026-04-10T18:41:06","slug":"immobilienbranding","status":"publish","type":"page","link":"https:\/\/limelightmediaooh.com\/de\/immobilienbranding\/","title":{"rendered":"Immobilienbranding"},"content":{"rendered":"<div class=\"freshgallery-container\" data-columns=\"4\"><div class=\"freshgallery-item\"><img src=\"https:\/\/limelightmediaooh.com\/wp-content\/uploads\/2025\/12\/real-estate-branding-1-300x225.jpg\" alt=\"\" data-full=\"https:\/\/limelightmediaooh.com\/wp-content\/uploads\/2025\/12\/real-estate-branding-1.jpg\" \/><div class=\"freshgallery-caption\">Real Estate Branding<\/div><div class=\"freshgallery-link\"><a href=\"#\" target=\"_blank\" rel=\"noopener\">Link anzeigen<\/a><\/div><\/div><div class=\"freshgallery-item\"><img src=\"https:\/\/limelightmediaooh.com\/wp-content\/uploads\/2025\/12\/real-estate-branding-300x225.jpg\" alt=\"Real Estate Branding Agency | Real Estate Branding Companies\" data-full=\"https:\/\/limelightmediaooh.com\/wp-content\/uploads\/2025\/12\/real-estate-branding.jpg\" \/><div class=\"freshgallery-caption\">Real Estate Branding<\/div><div class=\"freshgallery-link\"><a href=\"#\" target=\"_blank\" rel=\"noopener\">Link anzeigen<\/a><\/div><\/div><\/div>\n<p>&nbsp;<\/p>\n<h1><strong>Immobilienbranding<\/strong><\/h1>\n<p><strong>Ihre Immobilie verdient eine Marke, die verkauft, bevor Sie ein Wort sagen<\/strong><\/p>\n<p>Im heutigen hart umk\u00e4mpften Immobilienmarkt ist die Zusammenarbeit mit einer professionellen Immobilienbranding-Agentur nicht mehr optional, sondern unerl\u00e4sslich. Die f\u00fchrenden Immobilienbranding-Unternehmen wissen, dass K\u00e4ufer und Investoren zuerst emotionale Entscheidungen treffen und dann logische. Eine leistungsstarke <strong>Immobilienbranding-Agentur<\/strong> gestaltet die Geschichte, Bilder und Botschaften, die diese emotionalen Verbindungen sofort ausl\u00f6sen. F\u00fchrende Immobilienbranding-Unternehmen bauen Marken auf, die Premiumpreise erzielen, ernsthafte K\u00e4ufer anziehen und lange Verkaufszyklen vermeiden. Holen Sie sich noch heute ein kostenloses Angebot und entdecken Sie, was strategisches Branding f\u00fcr Ihr Immobilienunternehmen bewirkt.    <\/p>\n<p><strong>Was unterscheidet eine gro\u00dfartige Immobilien-Branding-Agentur von den anderen<\/strong><\/p>\n<p>Nicht jede Immobilienbranding-Agentur liefert Ergebnisse, nur die, die speziell f\u00fcr den Immobilienmarkt entwickelt wurden, tun das. Die besten Immobilienbranding-Unternehmen verbinden tiefgehendes Marktwissen mit kreativer Exzellenz, um Ihre Marke \u00fcber jeden Wettbewerber zu positionieren. Eine spezialisierte Immobilienbranding-Agentur analysiert Ihren Zielk\u00e4ufer, Ihre Marktpositionierung und Ihre Wettbewerbslandschaft, bevor sie ein einzelnes Asset entwirft. Top-Immobilienbranding-Unternehmen produzieren keine generischen Logos und Brosch\u00fcren mit Vorlagen, sondern bauen vollst\u00e4ndige Marken\u00f6kosysteme auf. Wenn Ihre Immobilienbranding-Agentur es richtig macht, h\u00f6ren Ihre Immobilien auf, preislich zu konkurrieren, sondern um die Attraktivit\u00e4t. Das ist der messbare Unterschied, den Elite-Immobilienbranding-Unternehmen best\u00e4ndig liefern.     <\/p>\n<p><strong>Immobilienbranding-Unternehmen, die realen Einnahmen erzielen<\/strong><\/p>\n<p>Die st\u00e4rksten Immobilienbranding-Unternehmen betrachten jeden Markenkontaktpunkt als eine umsatzgenerierende Chance. Ihre Beschilderung, digitale Pr\u00e4senz, fotografischer Stil und Marketingmaterial arbeiten alle h\u00e4rter, wenn eine ergebnisorientierte Immobilienbranding-Agentur sie mit Absicht formt. Entwickler und Makler, die mit erfahrenen Immobilienbranding-Firmen zusammenarbeiten, schlie\u00dfen stets schneller ab, verhandeln st\u00e4rker und binden Kunden l\u00e4nger. Eine strategische Immobilienbranding-Agentur stellt sicher, dass Ihre Marke Vertrauen, Autorit\u00e4t und Exklusivit\u00e4t vermittelt \u2013 drei Eigenschaften, die direkt die Zahlungsbereitschaft eines K\u00e4ufers beeinflussen. Die Immobilienbranding-Unternehmen, die dieses Prinzip verstehen, sind diejenigen, deren Kunden Jahr f\u00fcr Jahr ihre lokalen M\u00e4rkte dominieren.    <\/p>\n<p><strong>Ihre Wettbewerber arbeiten bereits mit einer Immobilienbranding-Agentur zusammen<\/strong><\/p>\n<p>W\u00e4hrend Sie Ihre Optionen abw\u00e4gen, besch\u00e4ftigen konkurrierende Entwickler und Makler bereits Immobilienbranding-Firmen, um die gew\u00fcnschte Zielgruppe zu erreichen. Jeder Tag ohne eine professionelle Immobilienbranding-Agentur hinter Ihrem Unternehmen ist ein Tag, an dem Ihre Konkurrenten ihre Marktposition st\u00e4rken. Die besten Immobilienbranding-Unternehmen haben eine begrenzte Verf\u00fcgbarkeit, gerade weil die Nachfrage hoch ist und die Ergebnisse nachgewiesen sind. Die Partnerschaft mit der richtigen Immobilien-Branding-Agentur bedeutet jetzt schnellere Verk\u00e4ufe, st\u00e4rkere Margen und eine Marke, die mit Ihrem Portfolio an Wert w\u00e4chst.   <\/p>\n<p><strong>Holen Sie sich ein kostenloses Angebot und bauen Sie eine Marke auf, die Ihren Markt dominiert<\/strong><\/p>\n<p>Unsere Immobilienbranding-Agentur ist bereit, die Wahrnehmung, Positionierung und Verkauf Ihrer Immobilien zu transformieren. Als eines der ergebnisorientiertesten Immobilienbranding-Unternehmen der Branche bringen wir Strategie, Kreativit\u00e4t und Marktexpertise direkt in Ihre Marke ein. <\/p>\n<p><a href=\"https:\/\/limelightmediaooh.com\/de\/kontakt\/\">Fordern Sie jetzt ein kostenloses Angebot an<\/a>.<\/p>\n        <style type=\"text\/css\">\n        \t.thfaqf-faq-list-title { display: none; }        \t.thfaqf-tab h3.thfaqf-tablinks-2162.active {\n\t\t\t    background-color: #f5f5f5!important;\n\t\t\t    color: #cc2753!important;\n\t\t\t}\n\t\t\t.thfaqf-tab h3.thfaqf-tablinks-2162:hover {\n\t\t\t  \tbackground-color: #f5f5f5!important;\n\t\t\t}\n\t\t    .thfaqf-faq-item-2162.thfaqf-active .thfaqf-title-text{\n\t\t\t\tcolor: #cc2753!important;\n\t\t\t}\n          \n        <\/style>\n       \t\t<div class=\"thfaqf-faq-list thfaqf-theme-wrapper-limelight\">\n            <h3 class=\"thfaqf-faq-list-title\">Real Estate Branding FAQ<\/h3><div class=\"faq-item-wrapper\">\t\t<div id=\"thfaqf-faq-item-2162_0\" class=\"thfaqf-faq-item  thfaqf-faq-item-2162    thfaqf-post-id-2162 thfaqf-count-dsply-setngs\" style=\"border-radius: 6px;\" >\n\t\t\t<div data-active_color=\"#cc2753\" class=\"thfaqf-faq-item-title\" style=\"border-width: 1px; border-style: solid; margin-bottom: -1px; background-color: #f5f5f5; border-color: #f5f5f5;\">\n \t\t\t\t<h4>\n \t\t\t\t\t \t\t\t\t<span class=\"thfaq-marker thfaqf-toggle-icon\" style=\" color: #b2b2b2;\"><\/span>\n \t\t\t\t\t<span class=\"thfaqf-title-text \" style=\" color: #000000;\" >1. What does real estate branding involve with Limelight Media OOH?<\/span>\n \t\t\t\t<\/h4>\t\n\t\t\t<\/div>\n\t\t\t<div class=\"thfaqf-faq-item-content\" style=\"border-width: 1px; border-style: solid; background-color: #fcfcfc; border-color: #fcfcfc; color: #000000;\" >\n\t\t\t\t<p>Real estate branding with Limelight Media OOH involves creating bold, large-format outdoor displays that promote property developments, housing projects, and commercial real estate directly to buyers, investors, and tenants in high-visibility locations. Our real estate branding solutions are designed to build credibility and awareness for developments at the critical stages of launch and sales, ensuring the right audiences take notice. To get started on a campaign, contact our team at info@limelightmediaooh.com for a tailored quote.<\/p>\n\t\t\t\t<div class=\"thfaq-enable-comment-box thfaqf-hide\"> <p>\t\t<div class=\"thfaqf-comment-wrapper\">\n\t\t\t<form form method=\"post\" class=\"thfaqf-post-comment\">\n\t\t\t\t<p><input class=\"thfaqf-comment-box thfaqf-uname\" type=\"text\" placeholder=\"Name...\"name=\"user_name\"\/><\/p>\n\t\t\t\t<p class=\"threq-name\"><\/p>\n\t\t\t\t<input type=\"hidden\" name=\"action\" value=\"thfaqf_comment\">\n\t\t\t\t<input type=\"hidden\" name=\"faq_id\" value=\"2162\">\n\t\t\t\t<input type=\"hidden\" name=\"faq_index\" value=\"0\">\n\t\t\t\t<input type=\"hidden\" name=\"form_time\">\n\t\t\t\t<input type=\"text\" name=\"website\" style=\"display:none\">\n\t\t\t\t\t\t\t\t<input type=\"hidden\" name=\"form_token\" value=\"bb5d98bf-4077-41d3-ba1d-80503ef13832\">\n\t\t\t\t<p><textarea placeholder=\"Add a Comment...\"name=\"user_msg\" class=\"thfaqf-comment-box thfaqf-ucomment\"><\/textarea><\/p>\n\t\t\t\t<p class=\"threq-comment\"><\/p>\n\t\t\t\t<input type=\"hidden\" name=\"wp_thfaqc_nonce\" value=\"fd69a9fb6d\"\/>\n\t\t    \t<p><button type=\"submit\" name=\"thfaqf_comment_submt\" class=\"thfaqf-submt-cmmt button primary is-xsmall\" onclick=\"submitFaqfComment(this)\">Send<\/button><\/p><p class=\"thfaqf-comment-validetion\"><\/p>\n\t\t    <\/form>\t\n\n\t\t    \t\t<\/div>\n\t\t <\/p><\/div>\n\t\t\t<\/div>\n\t\t\t<div class=\"log\"><\/div>\n\t\t<\/div>\n \t\t\t\t<div id=\"thfaqf-faq-item-2162_1\" class=\"thfaqf-faq-item  thfaqf-faq-item-2162    thfaqf-post-id-2162 thfaqf-count-dsply-setngs\" style=\"border-radius: 6px;\" >\n\t\t\t<div data-active_color=\"#cc2753\" class=\"thfaqf-faq-item-title\" style=\"border-width: 1px; border-style: solid; margin-bottom: -1px; background-color: #f5f5f5; border-color: #f5f5f5;\">\n \t\t\t\t<h4>\n \t\t\t\t\t \t\t\t\t<span class=\"thfaq-marker thfaqf-toggle-icon\" style=\" color: #b2b2b2;\"><\/span>\n \t\t\t\t\t<span class=\"thfaqf-title-text \" style=\" color: #000000;\" >2. What can a real estate branding agency like Limelight Media OOH do for property developers?<\/span>\n \t\t\t\t<\/h4>\t\n\t\t\t<\/div>\n\t\t\t<div class=\"thfaqf-faq-item-content\" style=\"border-width: 1px; border-style: solid; background-color: #fcfcfc; border-color: #fcfcfc; color: #000000;\" >\n\t\t\t\t<p>As an experienced real estate branding agency with an international footprint, Limelight Media OOH helps property developers and real estate companies create a powerful outdoor presence through strategically placed hoardings, billboards, and large-format displays near project sites and key feeder routes. Working with a dedicated real estate branding agency ensures that every placement is chosen to reach the most relevant audience, whether that is local homebuyers, commercial tenants, or international investors. Our global reach across Africa, Asia, the Middle East, Europe, and beyond means they can support real estate campaigns of any scale, from a single development to a multi-market property portfolio.<\/p>\n\t\t\t\t<div class=\"thfaq-enable-comment-box thfaqf-hide\"> <p>\t\t<div class=\"thfaqf-comment-wrapper\">\n\t\t\t<form form method=\"post\" class=\"thfaqf-post-comment\">\n\t\t\t\t<p><input class=\"thfaqf-comment-box thfaqf-uname\" type=\"text\" placeholder=\"Name...\"name=\"user_name\"\/><\/p>\n\t\t\t\t<p class=\"threq-name\"><\/p>\n\t\t\t\t<input type=\"hidden\" name=\"action\" value=\"thfaqf_comment\">\n\t\t\t\t<input type=\"hidden\" name=\"faq_id\" value=\"2162\">\n\t\t\t\t<input type=\"hidden\" name=\"faq_index\" value=\"1\">\n\t\t\t\t<input type=\"hidden\" name=\"form_time\">\n\t\t\t\t<input type=\"text\" name=\"website\" style=\"display:none\">\n\t\t\t\t\t\t\t\t<input type=\"hidden\" name=\"form_token\" value=\"4d197a48-d7f7-4e5a-b2c1-f31c2d3cf993\">\n\t\t\t\t<p><textarea placeholder=\"Add a Comment...\"name=\"user_msg\" class=\"thfaqf-comment-box thfaqf-ucomment\"><\/textarea><\/p>\n\t\t\t\t<p class=\"threq-comment\"><\/p>\n\t\t\t\t<input type=\"hidden\" name=\"wp_thfaqc_nonce\" value=\"fd69a9fb6d\"\/>\n\t\t    \t<p><button type=\"submit\" name=\"thfaqf_comment_submt\" class=\"thfaqf-submt-cmmt button primary is-xsmall\" onclick=\"submitFaqfComment(this)\">Send<\/button><\/p><p class=\"thfaqf-comment-validetion\"><\/p>\n\t\t    <\/form>\t\n\n\t\t    \t\t<\/div>\n\t\t <\/p><\/div>\n\t\t\t<\/div>\n\t\t\t<div class=\"log\"><\/div>\n\t\t<\/div>\n \t\t\t\t<div id=\"thfaqf-faq-item-2162_2\" class=\"thfaqf-faq-item  thfaqf-faq-item-2162    thfaqf-post-id-2162 thfaqf-count-dsply-setngs\" style=\"border-radius: 6px;\" >\n\t\t\t<div data-active_color=\"#cc2753\" class=\"thfaqf-faq-item-title\" style=\"border-width: 1px; border-style: solid; margin-bottom: -1px; background-color: #f5f5f5; border-color: #f5f5f5;\">\n \t\t\t\t<h4>\n \t\t\t\t\t \t\t\t\t<span class=\"thfaq-marker thfaqf-toggle-icon\" style=\" color: #b2b2b2;\"><\/span>\n \t\t\t\t\t<span class=\"thfaqf-title-text \" style=\" color: #000000;\" >3. How do real estate branding companies like Limelight Media OOH add value to property campaigns?<\/span>\n \t\t\t\t<\/h4>\t\n\t\t\t<\/div>\n\t\t\t<div class=\"thfaqf-faq-item-content\" style=\"border-width: 1px; border-style: solid; background-color: #fcfcfc; border-color: #fcfcfc; color: #000000;\" >\n\t\t\t\t<p>Among real estate branding companies operating globally, Limelight Media OOH stands apart for its combination of OOH expertise and extensive international network, allowing property brands to connect with audiences across dozens of markets simultaneously. Our end-to-end service covers site selection, production, and installation, taking the complexity out of outdoor real estate marketing and ensuring campaigns are executed to the highest standard. For property developers looking to generate leads and build brand recognition ahead of or during a sales launch, partnering with experienced real estate branding companies like Limelight Media OOH delivers measurable impact.<\/p>\n\t\t\t\t<div class=\"thfaq-enable-comment-box thfaqf-hide\"> <p>\t\t<div class=\"thfaqf-comment-wrapper\">\n\t\t\t<form form method=\"post\" class=\"thfaqf-post-comment\">\n\t\t\t\t<p><input class=\"thfaqf-comment-box thfaqf-uname\" type=\"text\" placeholder=\"Name...\"name=\"user_name\"\/><\/p>\n\t\t\t\t<p class=\"threq-name\"><\/p>\n\t\t\t\t<input type=\"hidden\" name=\"action\" value=\"thfaqf_comment\">\n\t\t\t\t<input type=\"hidden\" name=\"faq_id\" value=\"2162\">\n\t\t\t\t<input type=\"hidden\" name=\"faq_index\" value=\"2\">\n\t\t\t\t<input type=\"hidden\" name=\"form_time\">\n\t\t\t\t<input type=\"text\" name=\"website\" style=\"display:none\">\n\t\t\t\t\t\t\t\t<input type=\"hidden\" name=\"form_token\" value=\"3acd41db-a15d-4661-b903-1d7e110f526f\">\n\t\t\t\t<p><textarea placeholder=\"Add a Comment...\"name=\"user_msg\" class=\"thfaqf-comment-box thfaqf-ucomment\"><\/textarea><\/p>\n\t\t\t\t<p class=\"threq-comment\"><\/p>\n\t\t\t\t<input type=\"hidden\" name=\"wp_thfaqc_nonce\" value=\"fd69a9fb6d\"\/>\n\t\t    \t<p><button type=\"submit\" name=\"thfaqf_comment_submt\" class=\"thfaqf-submt-cmmt button primary is-xsmall\" onclick=\"submitFaqfComment(this)\">Send<\/button><\/p><p class=\"thfaqf-comment-validetion\"><\/p>\n\t\t    <\/form>\t\n\n\t\t    \t\t<\/div>\n\t\t <\/p><\/div>\n\t\t\t<\/div>\n\t\t\t<div class=\"log\"><\/div>\n\t\t<\/div>\n \t\t<\/div>\t        <p class=\"thfaqf-display-faq-setngs hide-faqf-group\">\n\t\t\t\t<span class=\"thfaqf-pagination\">\n\t\t\t\t\t<span onclick=\"ThfaqPagination(this,'prev_page')\" ><a class=\"thfaqf-prev-page thfaqf-div-none\"  href=\"#\"><<<\/a><\/span>\t\n\t\t\t\t\t\t\t\t            <span class=\"thfaqf-page-no \" data-number=\"1\">\n\t\t\t           \t<a class=\"thfaqf-pnumber thfaq-ft current\"href=\"#\" onclick=\"ThfaqEachPage(this)\" >1<\/a>\n\t\t\t            <\/span>\n\t\t\t             \n\t\t        \t<span onclick=\"ThfaqPagination(this,'next_page')\" data-page_count=\"1\"><a class=\"thfaqf-next-page thfaqf-div-none\" href=\"#\">>><\/a><\/span>\t\n\t\t\t\t<\/span>\n\t\t\t\t<input type=\"hidden\" class=\"thfaqf-count-faq-number\"name=\"count_faq\" value=\"3\"\/>\n\t\t\t<\/p><br>\n            \t    <\/div>\n\t    \n","protected":false},"excerpt":{"rendered":"<p>&nbsp; Immobilienbranding Ihre Immobilie verdient eine Marke, die verkauft, bevor Sie ein Wort sagen Im heutigen hart umk\u00e4mpften Immobilienmarkt ist die Zusammenarbeit mit einer professionellen Immobilienbranding-Agentur nicht mehr optional, sondern unerl\u00e4sslich. Die f\u00fchrenden Immobilienbranding-Unternehmen wissen, dass K\u00e4ufer und Investoren zuerst emotionale Entscheidungen treffen und dann logische. Eine leistungsstarke Immobilienbranding-Agentur gestaltet die Geschichte, Bilder und Botschaften, [&hellip;]<\/p>\n","protected":false},"author":1,"featured_media":779,"parent":0,"menu_order":0,"comment_status":"closed","ping_status":"closed","template":"template-services-gallery.php","meta":[],"_links":{"self":[{"href":"https:\/\/limelightmediaooh.com\/de\/wp-json\/wp\/v2\/pages\/778"}],"collection":[{"href":"https:\/\/limelightmediaooh.com\/de\/wp-json\/wp\/v2\/pages"}],"about":[{"href":"https:\/\/limelightmediaooh.com\/de\/wp-json\/wp\/v2\/types\/page"}],"author":[{"embeddable":true,"href":"https:\/\/limelightmediaooh.com\/de\/wp-json\/wp\/v2\/users\/1"}],"replies":[{"embeddable":true,"href":"https:\/\/limelightmediaooh.com\/de\/wp-json\/wp\/v2\/comments?post=778"}],"version-history":[{"count":3,"href":"https:\/\/limelightmediaooh.com\/de\/wp-json\/wp\/v2\/pages\/778\/revisions"}],"predecessor-version":[{"id":2335,"href":"https:\/\/limelightmediaooh.com\/de\/wp-json\/wp\/v2\/pages\/778\/revisions\/2335"}],"wp:featuredmedia":[{"embeddable":true,"href":"https:\/\/limelightmediaooh.com\/de\/wp-json\/wp\/v2\/media\/779"}],"wp:attachment":[{"href":"https:\/\/limelightmediaooh.com\/de\/wp-json\/wp\/v2\/media?parent=778"}],"curies":[{"name":"wp","href":"https:\/\/api.w.org\/{rel}","templated":true}]}}